{"id":901,"date":"2026-03-23T08:32:34","date_gmt":"2026-03-23T08:32:34","guid":{"rendered":"https:\/\/harnischneu20261324.live-website.com\/?page_id=901"},"modified":"2026-04-11T08:14:43","modified_gmt":"2026-04-11T08:14:43","slug":"impressum","status":"publish","type":"page","link":"https:\/\/harnisch-partner.de\/es\/impressum\/","title":{"rendered":"Aviso legal"},"content":{"rendered":"<div class=\"wpb-content-wrapper\"><p>[vc_row css=&#8221;.vc_custom_1774345320590{padding-top: 40px !important;padding-bottom: 40px !important;}&#8221;][vc_column][vc_column_text]<\/p>\n<h1>Aviso legal<\/h1>\n<p>Responsable en el sentido del art\u00edculo 5 de la Ley alemana de servicios de telecomunicaci\u00f3n (TMG):<br \/>\nRepresentantes legales:<br \/>\nAbogado J\u00f6rg-Andr\u00e9 Harnisch, Abogado Fred Skroblin<\/p>\n<p>Harnisch &amp; Partner<br \/>\nSociedad de abogados mbB<br \/>\nInvalidenstra\u00dfe 123, 10115 Berl\u00edn, Alemania<br \/>\nT: +49 30 30 32 92 20<br \/>\ninfo@harnisch-partner.de<br \/>\nN\u00famero de identificaci\u00f3n fiscal seg\u00fan el art\u00edculo 27a de la Ley del Impuesto sobre el Valor A\u00f1adido: DE275102608<\/p>\n<p>Para los litigios patrimoniales derivados de la relaci\u00f3n de mandato, es competente el \u00f3rgano de conciliaci\u00f3n del Colegio de Abogados, Neue Gr\u00fcnstra\u00dfe 17, 10179 Berl\u00edn, www.s-d-r.org. No estamos dispuestos ni obligados a participar en un procedimiento de resoluci\u00f3n de litigios ante un \u00f3rgano de conciliaci\u00f3n de consumidores o ante el \u00f3rgano de conciliaci\u00f3n del Colegio de Abogados.<\/p>\n<h2>Informaci\u00f3n seg\u00fan el art\u00edculo 2 del DL-InfoV<\/h2>\n<p>Todos los abogados est\u00e1n colegiados en la Rep\u00fablica Federal de Alemania y pertenecen al Colegio de Abogados de Berl\u00edn, Littenstra\u00dfe 10, 10179 Berl\u00edn. Nuestra abogada est\u00e1 colegiada tanto en el Colegio de Abogados de Berl\u00edn como en el de Madrid; nuestro abogado en Nueva York (EE. UU.) est\u00e1 colegiado en el Colegio de Abogados de Nueva York.<\/p>\n<h2>Derecho profesional\/Autoridades de supervisi\u00f3n<\/h2>\n<p>Se aplican los siguientes reglamentos de honorarios y deontol\u00f3gicos:<\/p>\n<p>Abogados:<\/p>\n<p>BRAO \u2013 Ley Federal de la Abogac\u00eda<br \/>\nBORA \u2013 Reglamento de la Abogac\u00eda<br \/>\nFAO \u2013 Reglamento sobre los abogados especialistas<br \/>\nRVG \u2013 Ley de Honorarios de Abogados<br \/>\nCarta de los Principios Fundamentales de los Abogados Europeos y Normas Profesionales de los Abogados Europeos<br \/>\nEuRAG \u2013 Ley sobre el ejercicio de la abogac\u00eda por parte de abogados europeos en Alemania<\/p>\n<p>Las normas relativas al derecho profesional de los abogados y notarios pueden consultarse a trav\u00e9s del Colegio de Abogados de Berl\u00edn y del Colegio de Notarios de Berl\u00edn, entre otros, en <a href=\"https:\/\/www.brak.de\/anwaltschaft\/berufsrecht\" target=\"_blank\" rel=\"noopener\">www.brak.de\/anwaltschaft\/ derecho profesional<\/a> y <a href=\"https:\/\/www.notar.de\/der-notar\/berufsrecht\" target=\"_blank\" rel=\"noopener\">www.notar.de\/ der-notar\/berufsrecht<\/a> o en <a href=\"https:\/\/anwaltverein.de\/de\/anwaltspraxis\/berufsrecht\" target=\"_blank\" rel=\"noopener\">www.anwaltverein.de\/de\/anwaltspraxis\/berufsrecht<\/a>.<\/p>\n<p>La autoridad supervisora competente para los abogados es:<\/p>\n<p>Colegio de Abogados de Berl\u00edn<br \/>\nLittenstra\u00dfe 9<br \/>\n10179 Berl\u00edn<\/p>\n<p>Tel\u00e9fono: 030 \/ 306931 -0<br \/>\nCorreo electr\u00f3nico: <a href=\"mailto:info@rak-berlin.org\">info@rak-berlin.org<\/a><br \/>\nWWW: <a href=\"https:\/\/www.rak-berlin.de\/\" target=\"_blank\" rel=\"noopener\">www.rak-berlin.de<\/a><\/p>\n<h2>Forma jur\u00eddica<\/h2>\n<p>Harnisch &amp; Partner Rechtsanw\u00e4lte Partnerschaft mbB est\u00e1 inscrita con el n\u00famero PR 566 B en el Registro de Sociedades del Juzgado de Primera Instancia de Charlottenburg.<\/p>\n<p>Los socios no asumen ninguna responsabilidad personal por las obligaciones de la sociedad.<br \/>\nSocios con poder de representaci\u00f3n:<\/p>\n<p>Abogado J\u00f6rg-Andr\u00e9 Harnisch, abogado Fred Skroblin<\/p>\n<p>El t\u00e9rmino \u00absocio\u00bb se utiliza para referirse a un miembro de Harnisch &amp; Partner Rechtsanw\u00e4lte Partnerschaft mbB.<\/p>\n<h2>Responsabilidad<\/h2>\n<p>La informaci\u00f3n contenida en esta p\u00e1gina no constituye asesoramiento jur\u00eddico por parte de Harnisch &amp; Partner Rechtsanw\u00e4lte<br \/>\nPartnerschaft mbB. Su finalidad es \u00fanicamente informar a los usuarios. La informaci\u00f3n ha sido cuidadosamente revisada. No obstante, no se asume ninguna garant\u00eda por la exactitud, integridad y actualidad de la informaci\u00f3n contenida en la p\u00e1gina. Los contenidos de p\u00e1ginas externas a las que se puede acceder a trav\u00e9s de hiperv\u00ednculos desde esta p\u00e1gina o que remiten a esta p\u00e1gina son contenidos ajenos sobre los que los abogados no tienen influencia y por los que no se asume ninguna responsabilidad. Cualquier reproducci\u00f3n o utilizaci\u00f3n de los contenidos de esta p\u00e1gina requiere el consentimiento previo por escrito de los abogados.<\/p>\n<h2>Seguro de responsabilidad civil profesional<\/h2>\n<p>Los abogados est\u00e1n obligados, en virtud de la Ley Federal de la Abogac\u00eda (BRAO), a mantener un seguro de responsabilidad civil profesional; los notarios tambi\u00e9n est\u00e1n obligados a contratar un seguro de responsabilidad civil profesional. La suma m\u00ednima asegurada es de 1 mill\u00f3n de euros.<\/p>\n<p>El seguro de responsabilidad civil profesional est\u00e1 contratado con Dialog Versicherung AG, Adenauerring 7, 81737 M\u00fanich. El \u00e1mbito territorial de la cobertura del seguro abarca las actividades realizadas en los Estados miembros de la Uni\u00f3n Europea y cumple, como m\u00ednimo, los requisitos del art\u00edculo 51 del Reglamento Federal de la Abogac\u00eda (BRAO).<\/p>\n<p>Responsable seg\u00fan el art\u00edculo 55, apartado 2, del RStV (responsable en materia de protecci\u00f3n de datos)<br \/>\nAbogado<br \/>\nJ\u00f6rg-Andr\u00e9 Harnisch, Invalidenstra\u00dfe 123, 10115 Berl\u00edn, Alemania[\/vc_column_text][\/vc_column][\/vc_row]<\/p>\n<\/div>","protected":false},"excerpt":{"rendered":"<p>[vc_row css=&#8221;.vc_custom_1774345320590{padding-top: 40px !important;padding-bottom: 40px !important;}&#8221;][vc_column][vc_column_text] Aviso legal Responsable en el sentido del art\u00edculo 5 de la Ley alemana de servicios de telecomunicaci\u00f3n (TMG): Representantes legales: Abogado J\u00f6rg-Andr\u00e9 Harnisch, Abogado Fred Skroblin Harnisch &amp; Partner Sociedad de abogados mbB Invalidenstra\u00dfe 123, 10115 Berl\u00edn, Alemania T: +49 30 30 32 92 20 info@harnisch-partner.de N\u00famero de identificaci\u00f3n [&hellip;]<\/p>\n","protected":false},"author":2,"featured_media":0,"parent":0,"menu_order":0,"comment_status":"closed","ping_status":"closed","template":"","meta":{"_acf_changed":false,"footnotes":""},"class_list":["post-901","page","type-page","status-publish","hentry"],"translation":{"provider":"WPGlobus","version":"3.0.2","language":"es","enabled_languages":["de","en","es"],"languages":{"de":{"title":true,"content":true,"excerpt":false},"en":{"title":true,"content":true,"excerpt":false},"es":{"title":true,"content":true,"excerpt":false}}},"acf":[],"yoast_head":"<!-- This site is optimized with the Yoast SEO plugin v27.4 - https:\/\/yoast.com\/product\/yoast-seo-wordpress\/ -->\n<title>Impressum. Harnisch &amp; Partner. Rechtsanwaltskanzlei<\/title>\n<meta name=\"robots\" content=\"index, follow, max-snippet:-1, max-image-preview:large, max-video-preview:-1\" \/>\n<link rel=\"canonical\" href=\"https:\/\/harnisch-partner.de\/impressum\/\" \/>\n<meta property=\"og:locale\" content=\"es_ES\" \/>\n<meta property=\"og:type\" content=\"article\" \/>\n<meta property=\"og:title\" content=\"Aviso legal - Harnisch &amp; Partner\" \/>\n<meta property=\"og:url\" content=\"https:\/\/harnisch-partner.de\/impressum\/\" \/>\n<meta property=\"og:site_name\" content=\"Harnisch &amp; Partner\" \/>\n<meta property=\"article:modified_time\" content=\"2026-04-11T08:14:43+00:00\" \/>\n<meta name=\"twitter:card\" content=\"summary_large_image\" \/>\n<meta name=\"twitter:label1\" content=\"Est. reading time\" \/>\n\t<meta name=\"twitter:data1\" content=\"2 minutes\" \/>\n<script type=\"application\/ld+json\" class=\"yoast-schema-graph\">{\"@context\":\"https:\\\/\\\/schema.org\",\"@graph\":[{\"@type\":\"WebPage\",\"@id\":\"https:\\\/\\\/harnisch-partner.de\\\/impressum\\\/\",\"url\":\"https:\\\/\\\/harnisch-partner.de\\\/impressum\\\/\",\"name\":\"Impressum. Harnisch & Partner. Rechtsanwaltskanzlei\",\"isPartOf\":{\"@id\":\"https:\\\/\\\/harnisch-partner.de\\\/#website\"},\"datePublished\":\"2026-03-23T08:32:34+00:00\",\"dateModified\":\"2026-04-11T08:14:43+00:00\",\"description\":\"Impressum. Harnisch & Partner. Wir sind eine international ausgerichtete Rechtsanwaltskanzlei mit Sitz in Berlin.\",\"breadcrumb\":{\"@id\":\"https:\\\/\\\/harnisch-partner.de\\\/impressum\\\/#breadcrumb\"},\"inLanguage\":\"es-ES\",\"potentialAction\":[{\"@type\":\"ReadAction\",\"target\":[\"https:\\\/\\\/harnisch-partner.de\\\/impressum\\\/\"]}]},{\"@type\":\"BreadcrumbList\",\"@id\":\"https:\\\/\\\/harnisch-partner.de\\\/impressum\\\/#breadcrumb\",\"itemListElement\":[{\"@type\":\"ListItem\",\"position\":1,\"name\":\"Start\",\"item\":\"https:\\\/\\\/harnisch-partner.de\\\/\"},{\"@type\":\"ListItem\",\"position\":2,\"name\":\"Impressum\"}]},{\"@type\":\"WebSite\",\"@id\":\"https:\\\/\\\/harnisch-partner.de\\\/#website\",\"url\":\"https:\\\/\\\/harnisch-partner.de\\\/\",\"name\":\"Harnisch & Partner\",\"description\":\"Abogados\",\"publisher\":{\"@id\":\"https:\\\/\\\/harnisch-partner.de\\\/#organization\"},\"potentialAction\":[{\"@type\":\"SearchAction\",\"target\":{\"@type\":\"EntryPoint\",\"urlTemplate\":\"https:\\\/\\\/harnisch-partner.de\\\/?s={search_term_string}\"},\"query-input\":{\"@type\":\"PropertyValueSpecification\",\"valueRequired\":true,\"valueName\":\"search_term_string\"}}],\"inLanguage\":\"es-ES\"},{\"@type\":\"Organization\",\"@id\":\"https:\\\/\\\/harnisch-partner.de\\\/#organization\",\"name\":\"Harnisch & Partner Rechtsanw\u00e4lte\",\"url\":\"https:\\\/\\\/harnisch-partner.de\\\/\",\"logo\":{\"@type\":\"ImageObject\",\"inLanguage\":\"es-ES\",\"@id\":\"https:\\\/\\\/harnisch-partner.de\\\/#\\\/schema\\\/logo\\\/image\\\/\",\"url\":\"\",\"contentUrl\":\"\",\"caption\":\"Harnisch & Partner Rechtsanw\u00e4lte\"},\"image\":{\"@id\":\"https:\\\/\\\/harnisch-partner.de\\\/#\\\/schema\\\/logo\\\/image\\\/\"}}]}<\/script>\n<!-- \/ Yoast SEO plugin. -->","yoast_head_json":{"title":"Impressum. Harnisch & Partner. Rechtsanwaltskanzlei","robots":{"index":"index","follow":"follow","max-snippet":"max-snippet:-1","max-image-preview":"max-image-preview:large","max-video-preview":"max-video-preview:-1"},"canonical":"https:\/\/harnisch-partner.de\/impressum\/","og_locale":"es_ES","og_type":"article","og_title":"Aviso legal - Harnisch &amp; Partner","og_url":"https:\/\/harnisch-partner.de\/impressum\/","og_site_name":"Harnisch &amp; Partner","article_modified_time":"2026-04-11T08:14:43+00:00","twitter_card":"summary_large_image","twitter_misc":{"Est. reading time":"2 minutes"},"schema":{"@context":"https:\/\/schema.org","@graph":[{"@type":"WebPage","@id":"https:\/\/harnisch-partner.de\/impressum\/","url":"https:\/\/harnisch-partner.de\/impressum\/","name":"Impressum. Harnisch & Partner. Rechtsanwaltskanzlei","isPartOf":{"@id":"https:\/\/harnisch-partner.de\/#website"},"datePublished":"2026-03-23T08:32:34+00:00","dateModified":"2026-04-11T08:14:43+00:00","description":"Impressum. Harnisch & Partner. Wir sind eine international ausgerichtete Rechtsanwaltskanzlei mit Sitz in Berlin.","breadcrumb":{"@id":"https:\/\/harnisch-partner.de\/impressum\/#breadcrumb"},"inLanguage":"es-ES","potentialAction":[{"@type":"ReadAction","target":["https:\/\/harnisch-partner.de\/impressum\/"]}]},{"@type":"BreadcrumbList","@id":"https:\/\/harnisch-partner.de\/impressum\/#breadcrumb","itemListElement":[{"@type":"ListItem","position":1,"name":"Start","item":"https:\/\/harnisch-partner.de\/"},{"@type":"ListItem","position":2,"name":"Impressum"}]},{"@type":"WebSite","@id":"https:\/\/harnisch-partner.de\/#website","url":"https:\/\/harnisch-partner.de\/","name":"Harnisch & Partner","description":"Abogados","publisher":{"@id":"https:\/\/harnisch-partner.de\/#organization"},"potentialAction":[{"@type":"SearchAction","target":{"@type":"EntryPoint","urlTemplate":"https:\/\/harnisch-partner.de\/?s={search_term_string}"},"query-input":{"@type":"PropertyValueSpecification","valueRequired":true,"valueName":"search_term_string"}}],"inLanguage":"es-ES"},{"@type":"Organization","@id":"https:\/\/harnisch-partner.de\/#organization","name":"Harnisch & Partner Rechtsanw\u00e4lte","url":"https:\/\/harnisch-partner.de\/","logo":{"@type":"ImageObject","inLanguage":"es-ES","@id":"https:\/\/harnisch-partner.de\/#\/schema\/logo\/image\/","url":"","contentUrl":"","caption":"Harnisch & Partner Rechtsanw\u00e4lte"},"image":{"@id":"https:\/\/harnisch-partner.de\/#\/schema\/logo\/image\/"}}]}},"_links":{"self":[{"href":"https:\/\/harnisch-partner.de\/es\/wp-json\/wp\/v2\/pages\/901","targetHints":{"allow":["GET"]}}],"collection":[{"href":"https:\/\/harnisch-partner.de\/es\/wp-json\/wp\/v2\/pages"}],"about":[{"href":"https:\/\/harnisch-partner.de\/es\/wp-json\/wp\/v2\/types\/page"}],"author":[{"embeddable":true,"href":"https:\/\/harnisch-partner.de\/es\/wp-json\/wp\/v2\/users\/2"}],"replies":[{"embeddable":true,"href":"https:\/\/harnisch-partner.de\/es\/wp-json\/wp\/v2\/comments?post=901"}],"version-history":[{"count":12,"href":"https:\/\/harnisch-partner.de\/es\/wp-json\/wp\/v2\/pages\/901\/revisions"}],"predecessor-version":[{"id":1079,"href":"https:\/\/harnisch-partner.de\/es\/wp-json\/wp\/v2\/pages\/901\/revisions\/1079"}],"wp:attachment":[{"href":"https:\/\/harnisch-partner.de\/es\/wp-json\/wp\/v2\/media?parent=901"}],"curies":[{"name":"wp","href":"https:\/\/api.w.org\/{rel}","templated":true}]}}