{"id":647,"date":"2026-03-18T13:19:39","date_gmt":"2026-03-18T13:19:39","guid":{"rendered":"https:\/\/harnischneu20261324.live-website.com\/?page_id=647"},"modified":"2026-04-07T19:40:48","modified_gmt":"2026-04-07T19:40:48","slug":"rechtsgebiete","status":"publish","type":"page","link":"https:\/\/harnisch-partner.de\/es\/rechtsgebiete\/","title":{"rendered":"\u00c1reas de especializaci\u00f3n"},"content":{"rendered":"<div class=\"wpb-content-wrapper\"><p>[vc_row css=&#8221;.vc_custom_1774346082990{padding-top: 40px !important;}&#8221;][vc_column][vc_column_text]<\/p>\n<h1>\u00c1reas de especializaci\u00f3n<\/h1>\n<p>[\/vc_column_text][\/vc_column][\/vc_row][vc_row][vc_column width=&#8221;1\/3&#8243; css=&#8221;.vc_custom_1774947137593{padding-top: 10px !important;}&#8221;][vc_column_text]<\/p>\n<p style=\"text-align: center;\"><a class=\"btn-kanzlei-gold\" href=\"https:\/\/harnisch-partner.de\/es\/handels-und-gesellschaftsrecht\/\"><strong>Derecho Mercantil y de Sociedades<\/strong><\/a><\/p>\n<p>[\/vc_column_text][vc_column_text]<\/p>\n<p style=\"text-align: center;\"><a class=\"btn-kanzlei-gold\" href=\"https:\/\/harnisch-partner.de\/es\/immobilienrecht\/\"><strong>Derecho Inmobiliario<\/strong><\/a><\/p>\n<p>[\/vc_column_text][\/vc_column][vc_column width=&#8221;1\/3&#8243; css=&#8221;.vc_custom_1774947148257{padding-top: 10px !important;}&#8221;][vc_column_text]<\/p>\n<p style=\"text-align: center;\"><a class=\"btn-kanzlei-gold\" href=\"https:\/\/harnisch-partner.de\/es\/internationales-privatrecht\/\"><strong>Derecho Internacional Privado<\/strong><\/a><\/p>\n<p>[\/vc_column_text][vc_column_text]<\/p>\n<p style=\"text-align: center;\"><a class=\"btn-kanzlei-gold\" href=\"https:\/\/harnisch-partner.de\/es\/strafrecht\/\"><strong>Derecho Penal<\/strong><\/a><\/p>\n<p>[\/vc_column_text][\/vc_column][vc_column width=&#8221;1\/3&#8243; css=&#8221;.vc_custom_1774947159995{padding-top: 10px !important;}&#8221;][vc_column_text]<\/p>\n<p style=\"text-align: center;\"><a class=\"btn-kanzlei-gold\" href=\"https:\/\/harnisch-partner.de\/es\/us-recht\/\"><strong>Derecho estadounidense<\/strong><\/a><\/p>\n<p>[\/vc_column_text][vc_column_text]<\/p>\n<p style=\"text-align: center;\"><a class=\"btn-kanzlei-gold\" href=\"https:\/\/harnisch-partner.de\/es\/spanisches-recht\/\"><strong>Derecho Espa\u00f1ol<\/strong><\/a><\/p>\n<p>[\/vc_column_text][\/vc_column][\/vc_row][vc_row css=&#8221;.vc_custom_1774622019696{padding-bottom: 40px !important;}&#8221;][vc_column][vc_column_text]<script type=\"application\/ld+json\">\n{\n  \"@context\": \"https:\/\/schema.org\",\n  \"@type\": \"Attorney\",\n  \"name\": \"Harnisch & Partner\",\n  \"url\": \"https:\/\/harnisch-partner.de\",\n  \"hasOfferCatalog\": {\n    \"@type\": \"OfferCatalog\",\n    \"name\": \"\u00c1reas de Pr\u00e1ctica\",\n    \"itemListElement\": [\n      {\n        \"@type\": \"Offer\",\n        \"itemOffered\": {\n          \"@type\": \"LegalService\",\n          \"name\": \"Derecho Mercantil\",\n          \"description\": \"Asesoramiento jur\u00eddico integral para empresas en todos los \u00e1mbitos del derecho mercantil y societario, incluyendo redacci\u00f3n de contratos, estructuraci\u00f3n empresarial y fusiones.\",\n          \"url\": \"https:\/\/harnisch-partner.de\/es\/handels-und-gesellschaftsrecht\/\",\n          \"provider\": {\n            \"@type\": \"Attorney\",\n            \"name\": \"Harnisch & Partner\"\n          },\n          \"areaServed\": [\"DE\", \"ES\", \"US\"],\n          \"availableLanguage\": [\"German\", \"English\", \"Spanish\"]\n        }\n      },\n      {\n        \"@type\": \"Offer\",\n        \"itemOffered\": {\n          \"@type\": \"LegalService\",\n          \"name\": \"Derecho Internacional Privado\",\n          \"description\": \"Asesoramiento en asuntos jur\u00eddicos transfronterizos, derecho contractual internacional y conflictos legales con elementos extranjeros.\",\n          \"url\": \"https:\/\/harnisch-partner.de\/es\/internationales-privatrecht\/\",\n          \"provider\": {\n            \"@type\": \"Attorney\",\n            \"name\": \"Harnisch & Partner\"\n          },\n          \"areaServed\": [\"DE\", \"ES\", \"US\"],\n          \"availableLanguage\": [\"German\", \"English\", \"Spanish\"]\n        }\n      },\n      {\n        \"@type\": \"Offer\",\n        \"itemOffered\": {\n          \"@type\": \"LegalService\",\n          \"name\": \"Derecho Espa\u00f1ol\",\n          \"description\": \"Asesoramiento especializado en el sistema jur\u00eddico espa\u00f1ol para clientes que viven, invierten o desarrollan actividades empresariales en Espa\u00f1a.\",\n          \"url\": \"https:\/\/harnisch-partner.de\/es\/spanisches-recht\/\",\n          \"provider\": {\n            \"@type\": \"Attorney\",\n            \"name\": \"Harnisch & Partner\"\n          },\n          \"areaServed\": [\"ES\"],\n          \"availableLanguage\": [\"German\", \"English\", \"Spanish\"]\n        }\n      },\n      {\n        \"@type\": \"Offer\",\n        \"itemOffered\": {\n          \"@type\": \"LegalService\",\n          \"name\": \"Derecho de Sucesiones\",\n          \"description\": \"Asesoramiento en planificaci\u00f3n patrimonial, redacci\u00f3n de testamentos, litigios sucesorios y herencias internacionales con elementos transfronterizos.\",\n          \"url\": \"https:\/\/harnisch-partner.de\/erbrecht\",\n          \"provider\": {\n            \"@type\": \"Attorney\",\n            \"name\": \"Harnisch & Partner\"\n          },\n          \"areaServed\": [\"DE\", \"ES\"],\n          \"availableLanguage\": [\"German\", \"English\", \"Spanish\"]\n        }\n      },\n      {\n        \"@type\": \"Offer\",\n        \"itemOffered\": {\n          \"@type\": \"LegalService\",\n          \"name\": \"Derecho Inmobiliario\",\n          \"description\": \"Asistencia jur\u00eddica en la compra, venta y arrendamiento de inmuebles, due diligence, derecho urban\u00edstico y litigios inmobiliarios.\",\n          \"url\": \"https:\/\/harnisch-partner.de\/es\/immobilienrecht\/\",\n          \"provider\": {\n            \"@type\": \"Attorney\",\n            \"name\": \"Harnisch & Partner\"\n          },\n          \"areaServed\": [\"DE\", \"ES\"],\n          \"availableLanguage\": [\"German\", \"English\", \"Spanish\"]\n        }\n      },\n      {\n        \"@type\": \"Offer\",\n        \"itemOffered\": {\n          \"@type\": \"LegalService\",\n          \"name\": \"Derecho Estadounidense\",\n          \"description\": \"Asesoramiento en derecho estadounidense por un abogado colegiado en Nueva York y ante el Tribunal Supremo de los Estados Unidos.\",\n          \"url\": \"https:\/\/harnisch-partner.de\/es\/us-recht\/\",\n          \"provider\": {\n            \"@type\": \"Attorney\",\n            \"name\": \"Harnisch & Partner\"\n          },\n          \"areaServed\": [\"US\"],\n          \"availableLanguage\": [\"German\", \"English\", \"Spanish\"]\n        }\n      },\n      {\n        \"@type\": \"Offer\",\n        \"itemOffered\": {\n          \"@type\": \"LegalService\",\n          \"name\": \"Derecho Penal\",\n          \"description\": \"Defensa penal comprometida y asesoramiento en procedimientos de investigaci\u00f3n penal, ante los tribunales y en materia de derecho penal internacional.\",\n          \"url\": \"https:\/\/harnisch-partner.de\/es\/strafrecht\",\n          \"provider\": {\n            \"@type\": \"Attorney\",\n            \"name\": \"Harnisch & Partner\"\n          },\n          \"areaServed\": [\"DE\", \"ES\"],\n          \"availableLanguage\": [\"German\", \"English\", \"Spanish\"]\n        }\n      }\n    ]\n  }\n}\n<\/script>[\/vc_column_text][\/vc_column][\/vc_row]<\/p>\n<\/div>","protected":false},"excerpt":{"rendered":"<p>[vc_row css=&#8221;.vc_custom_1774346082990{padding-top: 40px !important;}&#8221;][vc_column][vc_column_text] \u00c1reas de especializaci\u00f3n [\/vc_column_text][\/vc_column][\/vc_row][vc_row][vc_column width=&#8221;1\/3&#8243; css=&#8221;.vc_custom_1774947137593{padding-top: 10px !important;}&#8221;][vc_column_text] Derecho Mercantil y de Sociedades [\/vc_column_text][vc_column_text] Derecho Inmobiliario [\/vc_column_text][\/vc_column][vc_column width=&#8221;1\/3&#8243; css=&#8221;.vc_custom_1774947148257{padding-top: 10px !important;}&#8221;][vc_column_text] Derecho Internacional Privado [\/vc_column_text][vc_column_text] Derecho Penal [\/vc_column_text][\/vc_column][vc_column width=&#8221;1\/3&#8243; css=&#8221;.vc_custom_1774947159995{padding-top: 10px !important;}&#8221;][vc_column_text] Derecho estadounidense [\/vc_column_text][vc_column_text] Derecho Espa\u00f1ol [\/vc_column_text][\/vc_column][\/vc_row][vc_row css=&#8221;.vc_custom_1774622019696{padding-bottom: 40px !important;}&#8221;][vc_column][vc_column_text][\/vc_column_text][\/vc_column][\/vc_row]<\/p>\n","protected":false},"author":1,"featured_media":0,"parent":0,"menu_order":0,"comment_status":"closed","ping_status":"closed","template":"","meta":{"_acf_changed":false,"footnotes":""},"class_list":["post-647","page","type-page","status-publish","hentry"],"translation":{"provider":"WPGlobus","version":"3.0.2","language":"es","enabled_languages":["de","en","es"],"languages":{"de":{"title":true,"content":true,"excerpt":false},"en":{"title":true,"content":true,"excerpt":false},"es":{"title":true,"content":true,"excerpt":false}}},"acf":[],"yoast_head":"<!-- This site is optimized with the Yoast SEO plugin v27.4 - https:\/\/yoast.com\/product\/yoast-seo-wordpress\/ -->\n<title>\u00c1reas de especializaci\u00f3n - Abogados Harnisch &amp; Partner<\/title>\n<meta name=\"description\" content=\"\u00c1reas de especializaci\u00f3n - Abogados Harnisch &amp; Partner especializado en Derecho Internacional, situado en Berl\u00edn\" \/>\n<meta name=\"robots\" content=\"index, follow, max-snippet:-1, max-image-preview:large, max-video-preview:-1\" \/>\n<link rel=\"canonical\" href=\"https:\/\/harnisch-partner.de\/rechtsgebiete\/\" \/>\n<meta property=\"og:locale\" content=\"es_ES\" \/>\n<meta property=\"og:type\" content=\"article\" \/>\n<meta property=\"og:title\" content=\"\u00c1reas de especializaci\u00f3n - Abogados Harnisch &amp; Partner\" \/>\n<meta property=\"og:description\" content=\"\u00c1reas de especializaci\u00f3n - Abogados Harnisch &amp; Partner especializado en Derecho Internacional, situado en Berl\u00edn\" \/>\n<meta property=\"og:url\" content=\"https:\/\/harnisch-partner.de\/rechtsgebiete\/\" \/>\n<meta property=\"og:site_name\" content=\"Harnisch &amp; Partner\" \/>\n<meta property=\"article:modified_time\" content=\"2026-04-07T19:40:48+00:00\" \/>\n<meta name=\"twitter:card\" content=\"summary_large_image\" \/>\n<meta name=\"twitter:label1\" content=\"Est. reading time\" \/>\n\t<meta name=\"twitter:data1\" content=\"1 minute\" \/>\n<script type=\"application\/ld+json\" class=\"yoast-schema-graph\">{\"@context\":\"https:\\\/\\\/schema.org\",\"@graph\":[{\"@type\":\"WebPage\",\"@id\":\"https:\\\/\\\/harnisch-partner.de\\\/rechtsgebiete\\\/\",\"url\":\"https:\\\/\\\/harnisch-partner.de\\\/rechtsgebiete\\\/\",\"name\":\"Rechtsgebiete - Harnisch & Partner. Anwaltskanzlei in Berlin\",\"isPartOf\":{\"@id\":\"https:\\\/\\\/harnisch-partner.de\\\/#website\"},\"datePublished\":\"2026-03-18T13:19:39+00:00\",\"dateModified\":\"2026-04-07T19:40:48+00:00\",\"description\":\"Rechtsgebiete - Harnisch & Partner. International ausgerichtete Anwaltskanzlei in Berlin, spezialisiert auf US Recht und spanisches Recht.\",\"breadcrumb\":{\"@id\":\"https:\\\/\\\/harnisch-partner.de\\\/rechtsgebiete\\\/#breadcrumb\"},\"inLanguage\":\"es-ES\",\"potentialAction\":[{\"@type\":\"ReadAction\",\"target\":[\"https:\\\/\\\/harnisch-partner.de\\\/rechtsgebiete\\\/\"]}]},{\"@type\":\"BreadcrumbList\",\"@id\":\"https:\\\/\\\/harnisch-partner.de\\\/rechtsgebiete\\\/#breadcrumb\",\"itemListElement\":[{\"@type\":\"ListItem\",\"position\":1,\"name\":\"Start\",\"item\":\"https:\\\/\\\/harnisch-partner.de\\\/\"},{\"@type\":\"ListItem\",\"position\":2,\"name\":\"RECHTSGEBIETE\"}]},{\"@type\":\"WebSite\",\"@id\":\"https:\\\/\\\/harnisch-partner.de\\\/#website\",\"url\":\"https:\\\/\\\/harnisch-partner.de\\\/\",\"name\":\"Harnisch & Partner\",\"description\":\"Abogados\",\"publisher\":{\"@id\":\"https:\\\/\\\/harnisch-partner.de\\\/#organization\"},\"potentialAction\":[{\"@type\":\"SearchAction\",\"target\":{\"@type\":\"EntryPoint\",\"urlTemplate\":\"https:\\\/\\\/harnisch-partner.de\\\/?s={search_term_string}\"},\"query-input\":{\"@type\":\"PropertyValueSpecification\",\"valueRequired\":true,\"valueName\":\"search_term_string\"}}],\"inLanguage\":\"es-ES\"},{\"@type\":\"Organization\",\"@id\":\"https:\\\/\\\/harnisch-partner.de\\\/#organization\",\"name\":\"Harnisch & Partner Rechtsanw\u00e4lte\",\"url\":\"https:\\\/\\\/harnisch-partner.de\\\/\",\"logo\":{\"@type\":\"ImageObject\",\"inLanguage\":\"es-ES\",\"@id\":\"https:\\\/\\\/harnisch-partner.de\\\/#\\\/schema\\\/logo\\\/image\\\/\",\"url\":\"\",\"contentUrl\":\"\",\"caption\":\"Harnisch & Partner Rechtsanw\u00e4lte\"},\"image\":{\"@id\":\"https:\\\/\\\/harnisch-partner.de\\\/#\\\/schema\\\/logo\\\/image\\\/\"}}]}<\/script>\n<!-- \/ Yoast SEO plugin. -->","yoast_head_json":{"title":"\u00c1reas de especializaci\u00f3n - Abogados Harnisch & Partner","description":"\u00c1reas de especializaci\u00f3n - Abogados Harnisch & Partner especializado en Derecho Internacional, situado en Berl\u00edn","robots":{"index":"index","follow":"follow","max-snippet":"max-snippet:-1","max-image-preview":"max-image-preview:large","max-video-preview":"max-video-preview:-1"},"canonical":"https:\/\/harnisch-partner.de\/rechtsgebiete\/","og_locale":"es_ES","og_type":"article","og_title":"\u00c1reas de especializaci\u00f3n - Abogados Harnisch & Partner","og_description":"\u00c1reas de especializaci\u00f3n - Abogados Harnisch & Partner especializado en Derecho Internacional, situado en Berl\u00edn","og_url":"https:\/\/harnisch-partner.de\/rechtsgebiete\/","og_site_name":"Harnisch &amp; Partner","article_modified_time":"2026-04-07T19:40:48+00:00","twitter_card":"summary_large_image","twitter_misc":{"Est. reading time":"1 minute"},"schema":{"@context":"https:\/\/schema.org","@graph":[{"@type":"WebPage","@id":"https:\/\/harnisch-partner.de\/rechtsgebiete\/","url":"https:\/\/harnisch-partner.de\/rechtsgebiete\/","name":"Rechtsgebiete - Harnisch & Partner. Anwaltskanzlei in Berlin","isPartOf":{"@id":"https:\/\/harnisch-partner.de\/#website"},"datePublished":"2026-03-18T13:19:39+00:00","dateModified":"2026-04-07T19:40:48+00:00","description":"Rechtsgebiete - Harnisch & Partner. International ausgerichtete Anwaltskanzlei in Berlin, spezialisiert auf US Recht und spanisches Recht.","breadcrumb":{"@id":"https:\/\/harnisch-partner.de\/rechtsgebiete\/#breadcrumb"},"inLanguage":"es-ES","potentialAction":[{"@type":"ReadAction","target":["https:\/\/harnisch-partner.de\/rechtsgebiete\/"]}]},{"@type":"BreadcrumbList","@id":"https:\/\/harnisch-partner.de\/rechtsgebiete\/#breadcrumb","itemListElement":[{"@type":"ListItem","position":1,"name":"Start","item":"https:\/\/harnisch-partner.de\/"},{"@type":"ListItem","position":2,"name":"RECHTSGEBIETE"}]},{"@type":"WebSite","@id":"https:\/\/harnisch-partner.de\/#website","url":"https:\/\/harnisch-partner.de\/","name":"Harnisch & Partner","description":"Abogados","publisher":{"@id":"https:\/\/harnisch-partner.de\/#organization"},"potentialAction":[{"@type":"SearchAction","target":{"@type":"EntryPoint","urlTemplate":"https:\/\/harnisch-partner.de\/?s={search_term_string}"},"query-input":{"@type":"PropertyValueSpecification","valueRequired":true,"valueName":"search_term_string"}}],"inLanguage":"es-ES"},{"@type":"Organization","@id":"https:\/\/harnisch-partner.de\/#organization","name":"Harnisch & Partner Rechtsanw\u00e4lte","url":"https:\/\/harnisch-partner.de\/","logo":{"@type":"ImageObject","inLanguage":"es-ES","@id":"https:\/\/harnisch-partner.de\/#\/schema\/logo\/image\/","url":"","contentUrl":"","caption":"Harnisch & Partner Rechtsanw\u00e4lte"},"image":{"@id":"https:\/\/harnisch-partner.de\/#\/schema\/logo\/image\/"}}]}},"_links":{"self":[{"href":"https:\/\/harnisch-partner.de\/es\/wp-json\/wp\/v2\/pages\/647","targetHints":{"allow":["GET"]}}],"collection":[{"href":"https:\/\/harnisch-partner.de\/es\/wp-json\/wp\/v2\/pages"}],"about":[{"href":"https:\/\/harnisch-partner.de\/es\/wp-json\/wp\/v2\/types\/page"}],"author":[{"embeddable":true,"href":"https:\/\/harnisch-partner.de\/es\/wp-json\/wp\/v2\/users\/1"}],"replies":[{"embeddable":true,"href":"https:\/\/harnisch-partner.de\/es\/wp-json\/wp\/v2\/comments?post=647"}],"version-history":[{"count":85,"href":"https:\/\/harnisch-partner.de\/es\/wp-json\/wp\/v2\/pages\/647\/revisions"}],"predecessor-version":[{"id":1390,"href":"https:\/\/harnisch-partner.de\/es\/wp-json\/wp\/v2\/pages\/647\/revisions\/1390"}],"wp:attachment":[{"href":"https:\/\/harnisch-partner.de\/es\/wp-json\/wp\/v2\/media?parent=647"}],"curies":[{"name":"wp","href":"https:\/\/api.w.org\/{rel}","templated":true}]}}