{"id":29,"date":"2018-10-03T14:46:45","date_gmt":"2018-10-03T14:46:45","guid":{"rendered":"https:\/\/jupiterx.artbees.net\/himalia\/?page_id=29"},"modified":"2026-04-07T15:48:54","modified_gmt":"2026-04-07T15:48:54","slug":"international-ausgerichtete-anwaltskanzlei","status":"publish","type":"page","link":"https:\/\/harnisch-partner.de\/es\/","title":{"rendered":"Abogados"},"content":{"rendered":"<div class=\"wpb-content-wrapper\"><p>[vc_row css=&#8221;.vc_custom_1774345783158{padding-top: 60px !important;}&#8221;][vc_column][vc_column_text]<\/p>\n<h1>Bufete de abogados con orientaci\u00f3n internacional<\/h1>\n<p>\u00a1Bienvenidos a Harnisch &#038; Partner!<\/p>\n<p>Somos un bufete de abogados con orientaci\u00f3n internacional y sede en Berl\u00edn.<\/p>\n<p>Nuestro bufete est\u00e1 especializado en los \u00e1mbitos del derecho mercantil y societario, el derecho de la construcci\u00f3n y el inmobiliario, as\u00ed como el derecho laboral. Adem\u00e1s, ofrecemos un amplio asesoramiento jur\u00eddico general en relaci\u00f3n con la actividad profesional de nuestros clientes.<\/p>\n<p>Un aspecto destacado de nuestra actividad internacional es el asesoramiento y la representaci\u00f3n en relaciones jur\u00eddicas con los Estados Unidos de Am\u00e9rica, Espa\u00f1a y Turqu\u00eda. En este sentido, nos centramos especialmente en la resoluci\u00f3n eficaz de cuestiones y conflictos jur\u00eddicos transfronterizos.<\/p>\n<p>Otras \u00e1reas de actividad de nuestro bufete abarcan el derecho de familia y sucesorio, especialmente en el contexto internacional.<\/p>\n<p>Entre nuestros clientes se encuentran empresas medianas de renombre, productoras de cine y televisi\u00f3n, empresas del sector del entretenimiento, start-ups y personalidades del mundo empresarial.<\/p>\n<p>Esperamos poder colaborar con usted.<\/p>\n<p>&nbsp;<\/p>\n<p style=\"text-align: center;\"><a class=\"btn-kanzlei-gold\" href=\"https:\/\/harnisch-partner.de\/es\/rechtsgebiete\/\"><strong>Nuestras \u00e1reas de especializaci\u00f3n<\/strong><\/a><\/p>\n<p>[\/vc_column_text][vc_separator style=&#8221;shadow&#8221; el_width=&#8221;60&#8243; css_animation=&#8221;zoomIn&#8221; css=&#8221;.vc_custom_1774387296856{padding-top: 50px !important;}&#8221;][\/vc_column][\/vc_row][vc_row section_separator_top_height=&#8221;&#8221; section_separator_top_height_tablet=&#8221;&#8221; section_separator_top_height_mobile=&#8221;&#8221; section_separator_bottom_height=&#8221;&#8221; section_separator_bottom_height_tablet=&#8221;&#8221; section_separator_bottom_height_mobile=&#8221;&#8221; css=&#8221;.vc_custom_1774081598855{padding-top: 30px !important;}&#8221;][vc_column][vc_column_text]<\/p>\n<h2 id=\"section-HARNISCH\">Rechtsanwalt (Abogado en Alemania) J\u00f6rg-Andr\u00e9 Harnisch, LL.M.<\/h2>\n<p><img loading=\"lazy\" decoding=\"async\" class=\"image alignright\" src=\"https:\/\/harnisch-partner.de\/wp-content\/uploads\/2018\/10\/Kanzlei_Portraits_225j.jpg\" width=\"339\" height=\"225\" \/><\/p>\n<p>Miembro del Colegio de Abogados de Nueva York (EEUU) as\u00ed como de<br \/>\nla Corte Suprema (\u201cSupreme Court\u201d) estadounidense.<\/p>\n<p>* <a href=\"..\/es\/rechtsgebiete\/#section-Handels\">Derecho Mercantil Internacional<\/a><br \/>\n* Derecho Penal (Econ\u00f3mico)<br \/>\n* Derecho Laboral<br \/>\n* Derecho Urban\u00edstico y de la Construcci\u00f3n<br \/>\n* <a href=\"..\/es\/rechtsgebiete\/#section-US\">Derecho Estadounidense<\/a><\/p>\n<p>Pueden ponerse en contacto con el abogado Harnisch a trav\u00e9s de la direcci\u00f3n de correo electr\u00f3nico:<br \/>\n<a href=\"mailto:harnisch@harnisch-partner.de\">harnisch@harnisch-partner.de<\/a>[\/vc_column_text][vc_separator style=&#8221;shadow&#8221; el_width=&#8221;60&#8243; css_animation=&#8221;zoomIn&#8221; css=&#8221;.vc_custom_1774387312197{padding-top: 50px !important;}&#8221;][\/vc_column][\/vc_row][vc_row section_separator_top_height=&#8221;&#8221; section_separator_top_height_tablet=&#8221;&#8221; section_separator_top_height_mobile=&#8221;&#8221; section_separator_bottom_height=&#8221;&#8221; section_separator_bottom_height_tablet=&#8221;&#8221; section_separator_bottom_height_mobile=&#8221;&#8221; css=&#8221;.vc_custom_1774081598855{padding-top: 30px !important;}&#8221;][vc_column][vc_column_text]<\/p>\n<h2 id=\"section-SKROBLIN\">Rechtsanwalt (Abogado en Alemania) Fred Skroblin<\/h2>\n<p><img loading=\"lazy\" decoding=\"async\" class=\"size-full wp-image-848 alignright\" src=\"https:\/\/harnisch-partner.de\/wp-content\/uploads\/2026\/03\/Kanzlei_Portraits_225h.jpg\" alt=\"Rechtsanwalt Fred Skroblin. Harnisch &amp; Partner Rechtsanw\u00e4lte\" width=\"339\" height=\"225\" srcset=\"https:\/\/harnisch-partner.de\/wp-content\/uploads\/2026\/03\/Kanzlei_Portraits_225h.jpg 339w, https:\/\/harnisch-partner.de\/wp-content\/uploads\/2026\/03\/Kanzlei_Portraits_225h-325x217.jpg 325w\" sizes=\"auto, (max-width: 339px) 100vw, 339px\" \/><\/p>\n<p>* Derecho laboral individual y colectivo<br \/>\n* Derecho Contencioso-Administrativo<br \/>\n* Derecho de extranjer\u00eda<br \/>\n* Derecho de arrendamiento<br \/>\n* Derecho turco<\/p>\n<p>Pueden ponerse en contacto con el abogado Skroblin a trav\u00e9s de la direcci\u00f3n de correo electr\u00f3nico:<br \/>\n<a href=\"mailto:skroblin@harnisch-partner.de\">skroblin@harnisch-partner.de<\/a>[\/vc_column_text][vc_separator style=&#8221;shadow&#8221; el_width=&#8221;60&#8243; css_animation=&#8221;zoomIn&#8221; css=&#8221;.vc_custom_1774387328403{padding-top: 50px !important;}&#8221;][\/vc_column][\/vc_row][vc_row css=&#8221;.vc_custom_1774174417364{padding-top: 40px !important;}&#8221;][vc_column][vc_column_text]<\/p>\n<h2 id=\"section-HIDALGO\">Abogada Diana Hidalgo<\/h2>\n<p><img loading=\"lazy\" decoding=\"async\" class=\"size-full wp-image-854 alignright\" src=\"https:\/\/harnisch-partner.de\/wp-content\/uploads\/2026\/03\/Kanzlei_Portraits_225_Diana_Hidalgo.jpg\" alt=\"Abogada Diana Hidalgo. Harnisch &amp; Partner Rechtsanw\u00e4lte \" width=\"337\" height=\"225\" srcset=\"https:\/\/harnisch-partner.de\/wp-content\/uploads\/2026\/03\/Kanzlei_Portraits_225_Diana_Hidalgo.jpg 337w, https:\/\/harnisch-partner.de\/wp-content\/uploads\/2026\/03\/Kanzlei_Portraits_225_Diana_Hidalgo-325x217.jpg 325w\" sizes=\"auto, (max-width: 337px) 100vw, 337px\" \/><\/p>\n<p>Miembro del Colegio de Abogados en Madrid y en Berl\u00edn<\/p>\n<p>* <a href=\"..\/es\/rechtsgebiete\/#section-Spanisches\">Derecho Espa\u00f1ol<\/a><br \/>\n* Derecho Mercantil y de Sociedades<br \/>\n* <a href=\"..\/es\/rechtsgebiete#section-Immobilien\">Derecho Inmobiliario<\/a><br \/>\n* Derecho Sucesorio<\/p>\n<p>Pueden ponerse en contacto con la abogada Diana Hidalgo a trav\u00e9s de la direcci\u00f3n de correo electr\u00f3nico:<br \/>\n<a href=\"mailto:hidalgo@harnisch-partner.de\">hidalgo@harnisch-partner.de<\/a>[\/vc_column_text][vc_separator style=&#8221;shadow&#8221; el_width=&#8221;60&#8243; css_animation=&#8221;zoomIn&#8221; css=&#8221;.vc_custom_1774387343980{padding-top: 50px !important;}&#8221;][\/vc_column][\/vc_row][vc_row css=&#8221;.vc_custom_1774174417364{padding-top: 40px !important;}&#8221;][vc_column][vc_column_text]<\/p>\n<h2 id=\"section-PUNDYK\">Kamila Pundyk, Prawnik<\/h2>\n<p><img loading=\"lazy\" decoding=\"async\" class=\"size-full wp-image-863 alignright\" src=\"https:\/\/harnisch-partner.de\/wp-content\/uploads\/2026\/03\/KamilaPundyk.jpg\" alt=\"Kamila Pundyk, Prawnik. Harnisch &amp; Partner Rechtsanw\u00e4lte\" width=\"132\" height=\"169\" \/><\/p>\n<p>* Derecho polaco<\/p>\n<p>Pueden ponerse en contacto con la colaboradora jur\u00eddica Pundyk a trav\u00e9s de la direcci\u00f3n de correo electr\u00f3nico:<br \/>\n<a href=\"mailto:pundyk@harnisch-partner.de\">pundyk@harnisch-partner.de<\/a>[\/vc_column_text][vc_separator style=&#8221;shadow&#8221; el_width=&#8221;60&#8243; css_animation=&#8221;zoomIn&#8221; css=&#8221;.vc_custom_1774387375423{padding-top: 50px !important;}&#8221;][\/vc_column][\/vc_row][vc_row css=&#8221;.vc_custom_1774614481223{padding-top: 40px !important;padding-bottom: 40px !important;}&#8221;][vc_column][vc_column_text]<\/p>\n<h2 id=\"section-NOVIK\">Marina Novik-Pauli<\/h2>\n<p>* Derecho ruso<\/p>\n<p>Pueden ponerse en contacto con la colaboradora jur\u00eddica Novik-Pauli a trav\u00e9s de la direcci\u00f3n de correo electr\u00f3nico:<br \/>\n<a href=\"mailto:Novik-Pauli@harnisch-partner.de\">Novik-Pauli@harnisch-partner.de<\/a>[\/vc_column_text][vc_column_text]<script type=\"application\/ld+json\">\n{\n  \"@context\": \"https:\/\/schema.org\",\n  \"@type\": \"Attorney\",\n  \"name\": \"Harnisch & Partner\",\n  \"url\": \"https:\/\/harnisch-partner.de\/es\/\",\n  \"logo\": \"https:\/\/harnisch-partner.de\/wp-content\/uploads\/2026\/03\/Logo-1.webp\",\n  \"priceRange\": \"$$$$\",\n  \"description\": \"Somos un despacho de abogados de orientaci\u00f3n internacional con sede en Berl\u00edn. Nuestras principales \u00e1reas de pr\u00e1ctica son el derecho mercantil y societario y el derecho internacional privado. Tambi\u00e9n nos especializamos en derecho inmobiliario, derecho de sucesiones y derecho penal. Asesoramos a empresarios y empresas en todos los aspectos del derecho de compraventa (internacional). Estamos especializados en asuntos con dimensi\u00f3n internacional, en particular con vinculaci\u00f3n a Espa\u00f1a, Turqu\u00eda y EE.UU.\",\n  \"address\": {\n    \"@type\": \"PostalAddress\",\n    \"streetAddress\": \"Invalidenstra\u00dfe 123\",\n    \"addressLocality\": \"Berl\u00edn\",\n    \"addressRegion\": \"Berl\u00edn\",\n    \"postalCode\": \"10115\",\n    \"addressCountry\": \"DE\"\n  },\n  \"hasMap\": \"https:\/\/www.google.com\/maps?ll=52.53119,13.386426&z=16&t=m&hl=de&gl=US&mapclient=embed&q=Invalidenstra%C3%9Fe+123+10115+Berlin\",\n  \"openingHours\": \"Mo 10:00-18:00 Tu 10:00-18:00 We 10:00-18:00 Th 10:00-18:00 Fr 10:00-14:00\",\n  \"telephone\": \"+49303032922\",\n  \"employee\": [\n    {\n      \"@type\": \"Person\",\n      \"name\": \"J\u00f6rg-Andr\u00e9 Harnisch\",\n      \"honorificSuffix\": \"LL.M.\",\n      \"jobTitle\": \"Abogado\",\n      \"description\": \"Admitido tambi\u00e9n en el Colegio de Abogados de Nueva York, EE.UU., y ante el Tribunal Supremo de los EE.UU.\",\n      \"image\": \"https:\/\/harnisch-partner.de\/wp-content\/uploads\/2018\/10\/Kanzlei_Portraits_225j.jpg\",\n      \"url\": \"https:\/\/harnisch-partner.de\/es\/\",\n      \"telephone\": \"+49303032922\",\n      \"priceRange\": \"$$$$\",\n      \"address\": {\n        \"@type\": \"PostalAddress\",\n        \"streetAddress\": \"Invalidenstra\u00dfe 123\",\n        \"addressLocality\": \"Berl\u00edn\",\n        \"addressRegion\": \"Berl\u00edn\",\n        \"postalCode\": \"10115\",\n        \"addressCountry\": \"DE\"\n      },\n      \"email\": \"harnisch@harnisch-partner.de\",\n      \"sameAs\": [\n        \"https:\/\/www.linkedin.com\/in\/j%C3%B6rg-harnisch-765a9333\/\"\n      ],\n      \"knowsAbout\": [\"Derecho internacional de compraventa\", \"Derecho penal econ\u00f3mico\", \"Derecho laboral\", \"Derecho de la construcci\u00f3n\", \"Derecho de EE.UU.\"],\n      \"hasCredential\": {\n        \"@type\": \"EducationalOccupationalCredential\",\n        \"credentialCategory\": \"Admitido en el Colegio de Abogados de Nueva York, EE.UU., y ante el Tribunal Supremo de los EE.UU.\"\n      },\n      \"worksFor\": {\n        \"@type\": \"Attorney\",\n        \"name\": \"Harnisch & Partner\"\n      }\n    },\n    {\n      \"@type\": \"Person\",\n      \"name\": \"Fred Skroblin\",\n      \"jobTitle\": \"Abogado\",\n      \"description\": \"Especializado en derecho laboral individual y colectivo, as\u00ed como en derecho turco.\",\n      \"image\": \"https:\/\/harnisch-partner.de\/wp-content\/uploads\/2026\/03\/Kanzlei_Portraits_225h.jpg\",\n      \"url\": \"https:\/\/harnisch-partner.de\/es\/\",\n      \"telephone\": \"+49303032922\",\n      \"priceRange\": \"$$$$\",\n      \"address\": {\n        \"@type\": \"PostalAddress\",\n        \"streetAddress\": \"Invalidenstra\u00dfe 123\",\n        \"addressLocality\": \"Berl\u00edn\",\n        \"addressRegion\": \"Berl\u00edn\",\n        \"postalCode\": \"10115\",\n        \"addressCountry\": \"DE\"\n      },\n      \"email\": \"skroblin@harnisch-partner.de\",\n      \"knowsAbout\": [\"Derecho laboral\", \"Derecho administrativo\", \"Derecho de extranjer\u00eda\", \"Derecho de arrendamiento\", \"Derecho turco\"],\n      \"worksFor\": {\n        \"@type\": \"Attorney\",\n        \"name\": \"Harnisch & Partner\"\n      }\n    },\n    {\n      \"@type\": \"Person\",\n      \"name\": \"Diana Hidalgo\",\n      \"jobTitle\": \"Abogada\",\n      \"description\": \"Admitida tambi\u00e9n en el Colegio de Abogados de Madrid, Espa\u00f1a.\",\n      \"image\": \"https:\/\/harnisch-partner.de\/wp-content\/uploads\/2026\/03\/Kanzlei_Portraits_225_Diana_Hidalgo.jpg\",\n      \"url\": \"https:\/\/harnisch-partner.de\/es\/\",\n      \"telephone\": \"+49303032922\",\n      \"priceRange\": \"$$$$\",\n      \"address\": {\n        \"@type\": \"PostalAddress\",\n        \"streetAddress\": \"Invalidenstra\u00dfe 123\",\n        \"addressLocality\": \"Berl\u00edn\",\n        \"addressRegion\": \"Berl\u00edn\",\n        \"postalCode\": \"10115\",\n        \"addressCountry\": \"DE\"\n      },\n      \"email\": \"hidalgo@harnisch-partner.de\",\n      \"sameAs\": [\n        \"https:\/\/www.linkedin.com\/in\/diana-hidalgo-ibero-25a552b0\/\"\n      ],\n      \"knowsAbout\": [\"Derecho espa\u00f1ol\", \"Derecho de sucesiones\", \"Derecho mercantil\", \"Derecho inmobiliario\"],\n      \"hasCredential\": {\n        \"@type\": \"EducationalOccupationalCredential\",\n        \"credentialCategory\": \"Admitida en el Colegio de Abogados de Madrid, Espa\u00f1a\"\n      },\n      \"worksFor\": {\n        \"@type\": \"Attorney\",\n        \"name\": \"Harnisch & Partner\"\n      }\n    },\n    {\n      \"@type\": \"Person\",\n      \"name\": \"Kamila Pundyk\",\n      \"jobTitle\": \"Prawnik\",\n      \"description\": \"Especializada en derecho polaco.\",\n      \"image\": \"https:\/\/harnisch-partner.de\/wp-content\/uploads\/2026\/03\/KamilaPundyk.jpg\",\n      \"url\": \"https:\/\/harnisch-partner.de\/es\/\",\n      \"telephone\": \"+49303032922\",\n      \"priceRange\": \"$$$$\",\n      \"address\": {\n        \"@type\": \"PostalAddress\",\n        \"streetAddress\": \"Invalidenstra\u00dfe 123\",\n        \"addressLocality\": \"Berl\u00edn\",\n        \"addressRegion\": \"Berl\u00edn\",\n        \"postalCode\": \"10115\",\n        \"addressCountry\": \"DE\"\n      },\n      \"email\": \"pundyk@harnisch-partner.de\",\n      \"knowsAbout\": [\"Derecho polaco\"],\n      \"worksFor\": {\n        \"@type\": \"Attorney\",\n        \"name\": \"Harnisch & Partner\"\n      }\n    },\n    {\n      \"@type\": \"Person\",\n      \"name\": \"Marina Novik-Pauli\",\n      \"jobTitle\": \"Asesora jur\u00eddica\",\n      \"description\": \"Especializada en derecho ruso.\",\n      \"url\": \"https:\/\/harnisch-partner.de\/es\/\",\n      \"telephone\": \"+49303032922\",\n      \"priceRange\": \"$$$$\",\n      \"address\": {\n        \"@type\": \"PostalAddress\",\n        \"streetAddress\": \"Invalidenstra\u00dfe 123\",\n        \"addressLocality\": \"Berl\u00edn\",\n        \"addressRegion\": \"Berl\u00edn\",\n        \"postalCode\": \"10115\",\n        \"addressCountry\": \"DE\"\n      },\n      \"email\": \"Novik-Pauli@harnisch-partner.de\",\n      \"knowsAbout\": [\"Derecho ruso\"],\n      \"worksFor\": {\n        \"@type\": \"Attorney\",\n        \"name\": \"Harnisch & Partner\"\n      }\n    }\n  ]\n}\n<\/script>[\/vc_column_text][\/vc_column][\/vc_row]<\/p>\n<\/div>","protected":false},"excerpt":{"rendered":"<p>[vc_row css=&#8221;.vc_custom_1774345783158{padding-top: 60px !important;}&#8221;][vc_column][vc_column_text] Bufete de abogados con orientaci\u00f3n internacional \u00a1Bienvenidos a Harnisch &#038; Partner! Somos un bufete de abogados con orientaci\u00f3n internacional y sede en Berl\u00edn. Nuestro bufete est\u00e1 especializado en los \u00e1mbitos del derecho mercantil y societario, el derecho de la construcci\u00f3n y el inmobiliario, as\u00ed como el derecho laboral. Adem\u00e1s, ofrecemos un [&hellip;]<\/p>\n","protected":false},"author":1,"featured_media":0,"parent":0,"menu_order":0,"comment_status":"closed","ping_status":"closed","template":"","meta":{"_acf_changed":false,"footnotes":""},"class_list":["post-29","page","type-page","status-publish","hentry"],"translation":{"provider":"WPGlobus","version":"3.0.2","language":"es","enabled_languages":["de","en","es"],"languages":{"de":{"title":true,"content":true,"excerpt":false},"en":{"title":true,"content":true,"excerpt":false},"es":{"title":true,"content":true,"excerpt":false}}},"acf":[],"yoast_head":"<!-- This site is optimized with the Yoast SEO plugin v27.4 - https:\/\/yoast.com\/product\/yoast-seo-wordpress\/ -->\n<title>Abogados Harnisch &amp; Partner.<\/title>\n<meta name=\"description\" content=\"Abogados Harnisch &amp; Partner. Somos espezializados en Derecho Internacional con despacho en Berl\u00edn, Alemania.\" \/>\n<meta name=\"robots\" content=\"index, follow, max-snippet:-1, max-image-preview:large, max-video-preview:-1\" \/>\n<link rel=\"canonical\" href=\"https:\/\/harnisch-partner.de\/\" \/>\n<meta property=\"og:locale\" content=\"es_ES\" \/>\n<meta property=\"og:type\" content=\"article\" \/>\n<meta property=\"og:title\" content=\"Abogados Harnisch &amp; Partner.\" \/>\n<meta property=\"og:description\" content=\"Abogados Harnisch &amp; Partner. Somos espezializados en Derecho Internacional con despacho en Berl\u00edn, Alemania.\" \/>\n<meta property=\"og:url\" content=\"https:\/\/harnisch-partner.de\/\" \/>\n<meta property=\"og:site_name\" content=\"Harnisch &amp; Partner\" \/>\n<meta property=\"article:modified_time\" content=\"2026-04-07T15:48:54+00:00\" \/>\n<meta property=\"og:image\" content=\"https:\/\/harnisch-partner.de\/wp-content\/uploads\/2018\/10\/Kanzlei_Portraits_225j.jpg\" \/>\n<meta name=\"twitter:card\" content=\"summary_large_image\" \/>\n<meta name=\"twitter:label1\" content=\"Est. reading time\" \/>\n\t<meta name=\"twitter:data1\" content=\"3 minutes\" \/>\n<script type=\"application\/ld+json\" class=\"yoast-schema-graph\">{\"@context\":\"https:\\\/\\\/schema.org\",\"@graph\":[{\"@type\":\"WebPage\",\"@id\":\"https:\\\/\\\/harnisch-partner.de\\\/\",\"url\":\"https:\\\/\\\/harnisch-partner.de\\\/\",\"name\":\"Harnisch & Partner. International ausgerichtete Anwaltskanzlei\",\"isPartOf\":{\"@id\":\"https:\\\/\\\/harnisch-partner.de\\\/#website\"},\"primaryImageOfPage\":{\"@id\":\"https:\\\/\\\/harnisch-partner.de\\\/#primaryimage\"},\"image\":{\"@id\":\"https:\\\/\\\/harnisch-partner.de\\\/#primaryimage\"},\"thumbnailUrl\":\"https:\\\/\\\/harnisch-partner.de\\\/wp-content\\\/uploads\\\/2018\\\/10\\\/Kanzlei_Portraits_225j.jpg\",\"datePublished\":\"2018-10-03T14:46:45+00:00\",\"dateModified\":\"2026-04-07T15:48:54+00:00\",\"description\":\"Harnisch & Partner. Wir sind eine international ausgerichtete Anwaltskanzlei mit den Schwerpunkten Handels-, Gesellschafts- und Privatrecht.\",\"breadcrumb\":{\"@id\":\"https:\\\/\\\/harnisch-partner.de\\\/#breadcrumb\"},\"inLanguage\":\"es-ES\",\"potentialAction\":[{\"@type\":\"ReadAction\",\"target\":[\"https:\\\/\\\/harnisch-partner.de\\\/\"]}]},{\"@type\":\"ImageObject\",\"inLanguage\":\"es-ES\",\"@id\":\"https:\\\/\\\/harnisch-partner.de\\\/#primaryimage\",\"url\":\"https:\\\/\\\/harnisch-partner.de\\\/wp-content\\\/uploads\\\/2018\\\/10\\\/Kanzlei_Portraits_225j.jpg\",\"contentUrl\":\"https:\\\/\\\/harnisch-partner.de\\\/wp-content\\\/uploads\\\/2018\\\/10\\\/Kanzlei_Portraits_225j.jpg\"},{\"@type\":\"BreadcrumbList\",\"@id\":\"https:\\\/\\\/harnisch-partner.de\\\/#breadcrumb\",\"itemListElement\":[{\"@type\":\"ListItem\",\"position\":1,\"name\":\"Start\",\"item\":\"https:\\\/\\\/harnisch-partner.de\\\/\"},{\"@type\":\"ListItem\",\"position\":2,\"name\":\"RECHTSANW\u00c4LTE\"}]},{\"@type\":\"WebSite\",\"@id\":\"https:\\\/\\\/harnisch-partner.de\\\/#website\",\"url\":\"https:\\\/\\\/harnisch-partner.de\\\/\",\"name\":\"Harnisch & Partner\",\"description\":\"Abogados\",\"publisher\":{\"@id\":\"https:\\\/\\\/harnisch-partner.de\\\/#organization\"},\"potentialAction\":[{\"@type\":\"SearchAction\",\"target\":{\"@type\":\"EntryPoint\",\"urlTemplate\":\"https:\\\/\\\/harnisch-partner.de\\\/?s={search_term_string}\"},\"query-input\":{\"@type\":\"PropertyValueSpecification\",\"valueRequired\":true,\"valueName\":\"search_term_string\"}}],\"inLanguage\":\"es-ES\"},{\"@type\":\"Organization\",\"@id\":\"https:\\\/\\\/harnisch-partner.de\\\/#organization\",\"name\":\"Harnisch & Partner Rechtsanw\u00e4lte\",\"url\":\"https:\\\/\\\/harnisch-partner.de\\\/\",\"logo\":{\"@type\":\"ImageObject\",\"inLanguage\":\"es-ES\",\"@id\":\"https:\\\/\\\/harnisch-partner.de\\\/#\\\/schema\\\/logo\\\/image\\\/\",\"url\":\"\",\"contentUrl\":\"\",\"caption\":\"Harnisch & Partner Rechtsanw\u00e4lte\"},\"image\":{\"@id\":\"https:\\\/\\\/harnisch-partner.de\\\/#\\\/schema\\\/logo\\\/image\\\/\"}}]}<\/script>\n<!-- \/ Yoast SEO plugin. -->","yoast_head_json":{"title":"Abogados Harnisch & Partner.","description":"Abogados Harnisch & Partner. Somos espezializados en Derecho Internacional con despacho en Berl\u00edn, Alemania.","robots":{"index":"index","follow":"follow","max-snippet":"max-snippet:-1","max-image-preview":"max-image-preview:large","max-video-preview":"max-video-preview:-1"},"canonical":"https:\/\/harnisch-partner.de\/","og_locale":"es_ES","og_type":"article","og_title":"Abogados Harnisch & Partner.","og_description":"Abogados Harnisch & Partner. Somos espezializados en Derecho Internacional con despacho en Berl\u00edn, Alemania.","og_url":"https:\/\/harnisch-partner.de\/","og_site_name":"Harnisch &amp; Partner","article_modified_time":"2026-04-07T15:48:54+00:00","og_image":[{"url":"https:\/\/harnisch-partner.de\/wp-content\/uploads\/2018\/10\/Kanzlei_Portraits_225j.jpg","type":"","width":"","height":""}],"twitter_card":"summary_large_image","twitter_misc":{"Est. reading time":"3 minutes"},"schema":{"@context":"https:\/\/schema.org","@graph":[{"@type":"WebPage","@id":"https:\/\/harnisch-partner.de\/","url":"https:\/\/harnisch-partner.de\/","name":"Harnisch & Partner. International ausgerichtete Anwaltskanzlei","isPartOf":{"@id":"https:\/\/harnisch-partner.de\/#website"},"primaryImageOfPage":{"@id":"https:\/\/harnisch-partner.de\/#primaryimage"},"image":{"@id":"https:\/\/harnisch-partner.de\/#primaryimage"},"thumbnailUrl":"https:\/\/harnisch-partner.de\/wp-content\/uploads\/2018\/10\/Kanzlei_Portraits_225j.jpg","datePublished":"2018-10-03T14:46:45+00:00","dateModified":"2026-04-07T15:48:54+00:00","description":"Harnisch & Partner. Wir sind eine international ausgerichtete Anwaltskanzlei mit den Schwerpunkten Handels-, Gesellschafts- und Privatrecht.","breadcrumb":{"@id":"https:\/\/harnisch-partner.de\/#breadcrumb"},"inLanguage":"es-ES","potentialAction":[{"@type":"ReadAction","target":["https:\/\/harnisch-partner.de\/"]}]},{"@type":"ImageObject","inLanguage":"es-ES","@id":"https:\/\/harnisch-partner.de\/#primaryimage","url":"https:\/\/harnisch-partner.de\/wp-content\/uploads\/2018\/10\/Kanzlei_Portraits_225j.jpg","contentUrl":"https:\/\/harnisch-partner.de\/wp-content\/uploads\/2018\/10\/Kanzlei_Portraits_225j.jpg"},{"@type":"BreadcrumbList","@id":"https:\/\/harnisch-partner.de\/#breadcrumb","itemListElement":[{"@type":"ListItem","position":1,"name":"Start","item":"https:\/\/harnisch-partner.de\/"},{"@type":"ListItem","position":2,"name":"RECHTSANW\u00c4LTE"}]},{"@type":"WebSite","@id":"https:\/\/harnisch-partner.de\/#website","url":"https:\/\/harnisch-partner.de\/","name":"Harnisch & Partner","description":"Abogados","publisher":{"@id":"https:\/\/harnisch-partner.de\/#organization"},"potentialAction":[{"@type":"SearchAction","target":{"@type":"EntryPoint","urlTemplate":"https:\/\/harnisch-partner.de\/?s={search_term_string}"},"query-input":{"@type":"PropertyValueSpecification","valueRequired":true,"valueName":"search_term_string"}}],"inLanguage":"es-ES"},{"@type":"Organization","@id":"https:\/\/harnisch-partner.de\/#organization","name":"Harnisch & Partner Rechtsanw\u00e4lte","url":"https:\/\/harnisch-partner.de\/","logo":{"@type":"ImageObject","inLanguage":"es-ES","@id":"https:\/\/harnisch-partner.de\/#\/schema\/logo\/image\/","url":"","contentUrl":"","caption":"Harnisch & Partner Rechtsanw\u00e4lte"},"image":{"@id":"https:\/\/harnisch-partner.de\/#\/schema\/logo\/image\/"}}]}},"_links":{"self":[{"href":"https:\/\/harnisch-partner.de\/es\/wp-json\/wp\/v2\/pages\/29","targetHints":{"allow":["GET"]}}],"collection":[{"href":"https:\/\/harnisch-partner.de\/es\/wp-json\/wp\/v2\/pages"}],"about":[{"href":"https:\/\/harnisch-partner.de\/es\/wp-json\/wp\/v2\/types\/page"}],"author":[{"embeddable":true,"href":"https:\/\/harnisch-partner.de\/es\/wp-json\/wp\/v2\/users\/1"}],"replies":[{"embeddable":true,"href":"https:\/\/harnisch-partner.de\/es\/wp-json\/wp\/v2\/comments?post=29"}],"version-history":[{"count":195,"href":"https:\/\/harnisch-partner.de\/es\/wp-json\/wp\/v2\/pages\/29\/revisions"}],"predecessor-version":[{"id":1363,"href":"https:\/\/harnisch-partner.de\/es\/wp-json\/wp\/v2\/pages\/29\/revisions\/1363"}],"wp:attachment":[{"href":"https:\/\/harnisch-partner.de\/es\/wp-json\/wp\/v2\/media?parent=29"}],"curies":[{"name":"wp","href":"https:\/\/api.w.org\/{rel}","templated":true}]}}