{"id":1149,"date":"2026-03-29T18:36:52","date_gmt":"2026-03-29T18:36:52","guid":{"rendered":"https:\/\/harnisch-partner.de\/?page_id=1149"},"modified":"2026-04-13T07:17:51","modified_gmt":"2026-04-13T07:17:51","slug":"la-compraventa-de-vehiculos-usados-en-alemania","status":"publish","type":"page","link":"https:\/\/harnisch-partner.de\/es\/la-compraventa-de-vehiculos-usados-en-alemania\/","title":{"rendered":"La compraventa de veh\u00edculos usados en Alemania"},"content":{"rendered":"<h1>La compraventa de veh\u00edculos usados en Alemania<\/h1>\n<p>Seg\u00fan la legislaci\u00f3n civil alemana, los contratos de compraventa de autom\u00f3viles de segunda mano a particulares cuentan con una garant\u00eda legal de dos a\u00f1os (la llamada \u201cGew\u00e4hrleistung\u201d). Una exclusi\u00f3n de la misma no es posible, ni siquiera cuando el vendedor as\u00ed lo refleje en el contrato de compraventa; no obstante, las partes s\u00ed podr\u00e1n pactar limitar la garant\u00eda legal a un a\u00f1o.<br \/>\nS\u00f3lo en el caso de una compraventa entre comerciantes cabe la total exclusi\u00f3n de la garant\u00eda prevista por ley.<\/p>\n<p>La garant\u00eda prevista por la ley obliga al vendedor de autom\u00f3viles de segunda mano a responder frente al comprador particular al menos durante un a\u00f1o por todos los vicios o defectos que el autom\u00f3vil hubiese tenido en el momento de su entrega. El saneamiento de dichos vicios, es decir, la reparaci\u00f3n de los defectos presentes hasta el momento de la compraventa, no tiene coste alguno para el comprador que disfruta de tal garant\u00eda. El comprador debe no obstante concederle al vendedor la posibilidad de reparar dichos defectos, no pudiendo sin requerimiento previo, encargarle a otro taller el saneamiento de estos. S\u00f3lo tras haberle concedido al vendedor dos intentos para que proceda a reparar los defectos sin que se haya logrado su eliminaci\u00f3n, tendr\u00e1 el comprador la posibilidad de ejercitar otros derechos. En determinados casos, puede incluso procederse a resolver el contrato de compraventa o solicitar una reducci\u00f3n del precio de compra, sin que el requerimiento previo de sanear dichos vicios sea necesario. Sin embargo y como normal general, las pretensiones de que dispone el comprador han de ejercitarse de forma progresiva, sin poder en la mayor\u00eda de los casos proceder a resolver el contrato directamente.<br \/>\nDurante los primeros seis meses existe una inversi\u00f3n de la carga de la prueba, En virtud de la misma, ser\u00e1 el comerciante de autom\u00f3viles quien deber\u00e1 aportar pruebas que demuestren que el defecto cuya reparaci\u00f3n se pretende no exist\u00eda en el momento de la venta.<br \/>\nEn el caso de una compraventa de autom\u00f3viles nuevos, la legislaci\u00f3n civil alemana prev\u00e9 tambi\u00e9n dicha garant\u00eda. Todos los veh\u00edculos nuevos adquiridos despu\u00e9s del 01.01.2002 disponen por ley de una garant\u00eda de dos a\u00f1os.<\/p>\n<p>En Alemania es frecuente que adem\u00e1s de la garant\u00eda prevista por la ley (\u201cGew\u00e4hrleistung\u201d), los vendedores de autom\u00f3viles ofrezcan voluntariamente una garant\u00eda adicional (\u201cGarantie\u201d) tanto en veh\u00edculos nuevos como en veh\u00edculos de segunda mano, la cual puede estar ya inclu\u00edda en el precio de compra o ser adquirida adicionalmente. Dicha garant\u00eda voluntaria del vendedor no puede en ning\u00fan caso limitar los derechos derivados del ejercicio de la garant\u00eda legal.<br \/>\nEl alcance de la garant\u00eda voluntaria y por tanto adicional a la legal ha de examinarse en cada caso concreto. En ocasiones el vendedor puede imponer limitaciones como por ejemplo la no cobertura \u2013 total o parcial- de determinados gastos de reparaci\u00f3n, la cobertura de s\u00f3lo determinadas piezas del veh\u00edculo o la previsi\u00f3n de una franquicia a abonar por el comprador. Adem\u00e1s dicha garant\u00eda voluntaria no suele generalmente prever la posibilidad de resolver el contrato de compraventa o de reducir el precio de compra.<\/p>\n<p>Para determinar el alcance de los derechos del comprador y evitar cometer errores derivados de las diferencias legales, culturales e idiom\u00e1ticas, es recomendable buscar una adecuada asesor\u00eda legal.<br \/>\nPara cualquier cuesti\u00f3n derivada de la compraventa de veh\u00edculos, quedan la <a href=\"..\/es\/#section-HIDALGO\">Abogada Diana Hidalgo Ibero<\/a> o <a href=\"..\/es\/#section-HARNISCH\">Rechtsanwalt J\u00f6rg-Andr\u00e9 Harnisch<\/a> a su entera disposici\u00f3n.<br \/>\n<script type=\"application\/ld+json\">\n{\n  \"@context\": \"https:\/\/schema.org\",\n  \"@type\": \"Attorney\",\n  \"name\": \"Harnisch & Partner\",\n  \"url\": \"https:\/\/harnisch-partner.de\",\n  \"hasOfferCatalog\": {\n    \"@type\": \"OfferCatalog\",\n    \"name\": \"Rechtsgebiete\",\n    \"itemListElement\": [\n      {\n        \"@type\": \"Offer\",\n        \"itemOffered\": {\n          \"@type\": \"LegalService\",\n          \"name\": \"Derecho mercantil\",\n          \"description\": \"La compraventa de veh\u00edculos usados en Alemania\",\n          \"url\": \"https:\/\/harnisch-partner.de\/es\/la-compraventa-de-vehiculos-usados-en-alemania\/\",\n          \"provider\": {\n            \"@type\": \"Attorney\",\n            \"name\": \"Harnisch & Partner\"\n          },\n          \"areaServed\": [\"ES\"],\n          \"availableLanguage\": [\"German\", \"Spanish\"]\n        }\n      }\n    ]\n  }\n}\n<\/script><\/p>\n","protected":false},"excerpt":{"rendered":"<p>La compraventa de veh\u00edculos usados en Alemania Seg\u00fan la legislaci\u00f3n civil alemana, los contratos de compraventa de autom\u00f3viles de segunda mano a particulares cuentan con una garant\u00eda legal de dos a\u00f1os (la llamada \u201cGew\u00e4hrleistung\u201d). Una exclusi\u00f3n de la misma no es posible, ni siquiera cuando el vendedor as\u00ed lo refleje en el contrato de compraventa; [&hellip;]<\/p>\n","protected":false},"author":1,"featured_media":0,"parent":0,"menu_order":0,"comment_status":"closed","ping_status":"closed","template":"","meta":{"_acf_changed":false,"footnotes":""},"class_list":["post-1149","page","type-page","status-publish","hentry"],"translation":{"provider":"WPGlobus","version":"3.0.2","language":"es","enabled_languages":["de","en","es"],"languages":{"de":{"title":false,"content":true,"excerpt":false},"en":{"title":false,"content":true,"excerpt":false},"es":{"title":true,"content":true,"excerpt":false}}},"acf":[],"yoast_head":"<!-- This site is optimized with the Yoast SEO plugin v27.5 - https:\/\/yoast.com\/product\/yoast-seo-wordpress\/ -->\n<title>La compraventa de veh\u00edculos usados en Alemania<\/title>\n<meta name=\"description\" content=\"La compraventa de veh\u00edculos usados en Alemania. Harnisch &amp; Partner. Somos un bufete de abogados con orientaci\u00f3n internacional.\" \/>\n<meta name=\"robots\" content=\"index, follow, max-snippet:-1, max-image-preview:large, max-video-preview:-1\" \/>\n<link rel=\"canonical\" href=\"https:\/\/harnisch-partner.de\/la-compraventa-de-vehiculos-usados-en-alemania\/\" \/>\n<meta property=\"og:locale\" content=\"es_ES\" \/>\n<meta property=\"og:type\" content=\"article\" \/>\n<meta property=\"og:title\" content=\"La compraventa de veh\u00edculos usados en Alemania\" \/>\n<meta property=\"og:description\" content=\"La compraventa de veh\u00edculos usados en Alemania. Harnisch &amp; Partner. Somos un bufete de abogados con orientaci\u00f3n internacional.\" \/>\n<meta property=\"og:url\" content=\"https:\/\/harnisch-partner.de\/la-compraventa-de-vehiculos-usados-en-alemania\/\" \/>\n<meta property=\"og:site_name\" content=\"Harnisch &amp; Partner\" \/>\n<meta property=\"article:modified_time\" content=\"2026-04-13T07:17:51+00:00\" \/>\n<meta name=\"twitter:card\" content=\"summary_large_image\" \/>\n<meta name=\"twitter:label1\" content=\"Est. reading time\" \/>\n\t<meta name=\"twitter:data1\" content=\"3 minutes\" \/>\n<script type=\"application\/ld+json\" class=\"yoast-schema-graph\">{\"@context\":\"https:\\\/\\\/schema.org\",\"@graph\":[{\"@type\":\"WebPage\",\"@id\":\"https:\\\/\\\/harnisch-partner.de\\\/la-compraventa-de-vehiculos-usados-en-alemania\\\/\",\"url\":\"https:\\\/\\\/harnisch-partner.de\\\/la-compraventa-de-vehiculos-usados-en-alemania\\\/\",\"name\":\"La compraventa de veh\u00edculos usados en Alemania\",\"isPartOf\":{\"@id\":\"https:\\\/\\\/harnisch-partner.de\\\/#website\"},\"datePublished\":\"2026-03-29T18:36:52+00:00\",\"dateModified\":\"2026-04-13T07:17:51+00:00\",\"description\":\"La compraventa de veh\u00edculos usados en Alemania. Harnisch & Partner. Somos un bufete de abogados con orientaci\u00f3n internacional.\",\"inLanguage\":\"es-ES\",\"potentialAction\":[{\"@type\":\"ReadAction\",\"target\":[\"https:\\\/\\\/harnisch-partner.de\\\/la-compraventa-de-vehiculos-usados-en-alemania\\\/\"]}]},{\"@type\":\"WebSite\",\"@id\":\"https:\\\/\\\/harnisch-partner.de\\\/#website\",\"url\":\"https:\\\/\\\/harnisch-partner.de\\\/\",\"name\":\"Harnisch & Partner\",\"description\":\"Abogados\",\"publisher\":{\"@id\":\"https:\\\/\\\/harnisch-partner.de\\\/#organization\"},\"potentialAction\":[{\"@type\":\"SearchAction\",\"target\":{\"@type\":\"EntryPoint\",\"urlTemplate\":\"https:\\\/\\\/harnisch-partner.de\\\/?s={search_term_string}\"},\"query-input\":{\"@type\":\"PropertyValueSpecification\",\"valueRequired\":true,\"valueName\":\"search_term_string\"}}],\"inLanguage\":\"es-ES\"},{\"@type\":\"Organization\",\"@id\":\"https:\\\/\\\/harnisch-partner.de\\\/#organization\",\"name\":\"Harnisch & Partner Rechtsanw\u00e4lte\",\"url\":\"https:\\\/\\\/harnisch-partner.de\\\/\",\"logo\":{\"@type\":\"ImageObject\",\"inLanguage\":\"es-ES\",\"@id\":\"https:\\\/\\\/harnisch-partner.de\\\/#\\\/schema\\\/logo\\\/image\\\/\",\"url\":\"\",\"contentUrl\":\"\",\"caption\":\"Harnisch & Partner Rechtsanw\u00e4lte\"},\"image\":{\"@id\":\"https:\\\/\\\/harnisch-partner.de\\\/#\\\/schema\\\/logo\\\/image\\\/\"}}]}<\/script>\n<!-- \/ Yoast SEO plugin. -->","yoast_head_json":{"title":"La compraventa de veh\u00edculos usados en Alemania","description":"La compraventa de veh\u00edculos usados en Alemania. Harnisch & Partner. Somos un bufete de abogados con orientaci\u00f3n internacional.","robots":{"index":"index","follow":"follow","max-snippet":"max-snippet:-1","max-image-preview":"max-image-preview:large","max-video-preview":"max-video-preview:-1"},"canonical":"https:\/\/harnisch-partner.de\/la-compraventa-de-vehiculos-usados-en-alemania\/","og_locale":"es_ES","og_type":"article","og_title":"La compraventa de veh\u00edculos usados en Alemania","og_description":"La compraventa de veh\u00edculos usados en Alemania. Harnisch & Partner. Somos un bufete de abogados con orientaci\u00f3n internacional.","og_url":"https:\/\/harnisch-partner.de\/la-compraventa-de-vehiculos-usados-en-alemania\/","og_site_name":"Harnisch &amp; Partner","article_modified_time":"2026-04-13T07:17:51+00:00","twitter_card":"summary_large_image","twitter_misc":{"Est. reading time":"3 minutes"},"schema":{"@context":"https:\/\/schema.org","@graph":[{"@type":"WebPage","@id":"https:\/\/harnisch-partner.de\/la-compraventa-de-vehiculos-usados-en-alemania\/","url":"https:\/\/harnisch-partner.de\/la-compraventa-de-vehiculos-usados-en-alemania\/","name":"La compraventa de veh\u00edculos usados en Alemania","isPartOf":{"@id":"https:\/\/harnisch-partner.de\/#website"},"datePublished":"2026-03-29T18:36:52+00:00","dateModified":"2026-04-13T07:17:51+00:00","description":"La compraventa de veh\u00edculos usados en Alemania. Harnisch & Partner. Somos un bufete de abogados con orientaci\u00f3n internacional.","inLanguage":"es-ES","potentialAction":[{"@type":"ReadAction","target":["https:\/\/harnisch-partner.de\/la-compraventa-de-vehiculos-usados-en-alemania\/"]}]},{"@type":"WebSite","@id":"https:\/\/harnisch-partner.de\/#website","url":"https:\/\/harnisch-partner.de\/","name":"Harnisch & Partner","description":"Abogados","publisher":{"@id":"https:\/\/harnisch-partner.de\/#organization"},"potentialAction":[{"@type":"SearchAction","target":{"@type":"EntryPoint","urlTemplate":"https:\/\/harnisch-partner.de\/?s={search_term_string}"},"query-input":{"@type":"PropertyValueSpecification","valueRequired":true,"valueName":"search_term_string"}}],"inLanguage":"es-ES"},{"@type":"Organization","@id":"https:\/\/harnisch-partner.de\/#organization","name":"Harnisch & Partner Rechtsanw\u00e4lte","url":"https:\/\/harnisch-partner.de\/","logo":{"@type":"ImageObject","inLanguage":"es-ES","@id":"https:\/\/harnisch-partner.de\/#\/schema\/logo\/image\/","url":"","contentUrl":"","caption":"Harnisch & Partner Rechtsanw\u00e4lte"},"image":{"@id":"https:\/\/harnisch-partner.de\/#\/schema\/logo\/image\/"}}]}},"_links":{"self":[{"href":"https:\/\/harnisch-partner.de\/es\/wp-json\/wp\/v2\/pages\/1149","targetHints":{"allow":["GET"]}}],"collection":[{"href":"https:\/\/harnisch-partner.de\/es\/wp-json\/wp\/v2\/pages"}],"about":[{"href":"https:\/\/harnisch-partner.de\/es\/wp-json\/wp\/v2\/types\/page"}],"author":[{"embeddable":true,"href":"https:\/\/harnisch-partner.de\/es\/wp-json\/wp\/v2\/users\/1"}],"replies":[{"embeddable":true,"href":"https:\/\/harnisch-partner.de\/es\/wp-json\/wp\/v2\/comments?post=1149"}],"version-history":[{"count":8,"href":"https:\/\/harnisch-partner.de\/es\/wp-json\/wp\/v2\/pages\/1149\/revisions"}],"predecessor-version":[{"id":1420,"href":"https:\/\/harnisch-partner.de\/es\/wp-json\/wp\/v2\/pages\/1149\/revisions\/1420"}],"wp:attachment":[{"href":"https:\/\/harnisch-partner.de\/es\/wp-json\/wp\/v2\/media?parent=1149"}],"curies":[{"name":"wp","href":"https:\/\/api.w.org\/{rel}","templated":true}]}}