{"id":1135,"date":"2026-03-28T18:54:04","date_gmt":"2026-03-28T18:54:04","guid":{"rendered":"https:\/\/harnisch-partner.de\/?page_id=1135"},"modified":"2026-03-31T13:10:14","modified_gmt":"2026-03-31T13:10:14","slug":"erbrecht","status":"publish","type":"page","link":"https:\/\/harnisch-partner.de\/es\/erbrecht\/","title":{"rendered":"Erbrecht"},"content":{"rendered":"<p>Lamentablemente, este art\u00edculo solo est\u00e1 disponible en alem\u00e1n.<\/p>\n","protected":false},"excerpt":{"rendered":"<p>Lamentablemente, este art\u00edculo solo est\u00e1 disponible en alem\u00e1n.<\/p>\n","protected":false},"author":1,"featured_media":0,"parent":0,"menu_order":0,"comment_status":"closed","ping_status":"closed","template":"","meta":{"_acf_changed":false,"footnotes":""},"class_list":["post-1135","page","type-page","status-publish","hentry"],"translation":{"provider":"WPGlobus","version":"3.0.2","language":"es","enabled_languages":["de","en","es"],"languages":{"de":{"title":true,"content":true,"excerpt":false},"en":{"title":false,"content":true,"excerpt":false},"es":{"title":false,"content":true,"excerpt":false}}},"acf":[],"yoast_head":"<!-- This site is optimized with the Yoast SEO plugin v27.4 - https:\/\/yoast.com\/product\/yoast-seo-wordpress\/ -->\n<title>Erbrecht - Harnisch &amp; Partner Rechtsanw\u00e4lte<\/title>\n<meta name=\"robots\" content=\"index, follow, max-snippet:-1, max-image-preview:large, max-video-preview:-1\" \/>\n<link rel=\"canonical\" href=\"https:\/\/harnisch-partner.de\/erbrecht\/\" \/>\n<meta property=\"og:locale\" content=\"es_ES\" \/>\n<meta property=\"og:type\" content=\"article\" \/>\n<meta property=\"og:title\" content=\"Erbrecht - Harnisch &amp; Partner\" \/>\n<meta property=\"og:url\" content=\"https:\/\/harnisch-partner.de\/erbrecht\/\" \/>\n<meta property=\"og:site_name\" content=\"Harnisch &amp; Partner\" \/>\n<meta property=\"article:modified_time\" content=\"2026-03-31T13:10:14+00:00\" \/>\n<meta name=\"twitter:card\" content=\"summary_large_image\" \/>\n<meta name=\"twitter:label1\" content=\"Est. reading time\" \/>\n\t<meta name=\"twitter:data1\" content=\"2 minutes\" \/>\n<script type=\"application\/ld+json\" class=\"yoast-schema-graph\">{\"@context\":\"https:\\\/\\\/schema.org\",\"@graph\":[{\"@type\":\"WebPage\",\"@id\":\"https:\\\/\\\/harnisch-partner.de\\\/erbrecht\\\/\",\"url\":\"https:\\\/\\\/harnisch-partner.de\\\/erbrecht\\\/\",\"name\":\"Erbrecht - Harnisch & Partner Rechtsanw\u00e4lte\",\"isPartOf\":{\"@id\":\"https:\\\/\\\/harnisch-partner.de\\\/#website\"},\"datePublished\":\"2026-03-28T18:54:04+00:00\",\"dateModified\":\"2026-03-31T13:10:14+00:00\",\"description\":\"Erbrecht. Harnisch & Partner. International ausgerichtete Anwaltskanzlei mit Sitz in Berlin.\",\"breadcrumb\":{\"@id\":\"https:\\\/\\\/harnisch-partner.de\\\/erbrecht\\\/#breadcrumb\"},\"inLanguage\":\"es-ES\",\"potentialAction\":[{\"@type\":\"ReadAction\",\"target\":[\"https:\\\/\\\/harnisch-partner.de\\\/erbrecht\\\/\"]}]},{\"@type\":\"BreadcrumbList\",\"@id\":\"https:\\\/\\\/harnisch-partner.de\\\/erbrecht\\\/#breadcrumb\",\"itemListElement\":[{\"@type\":\"ListItem\",\"position\":1,\"name\":\"Start\",\"item\":\"https:\\\/\\\/harnisch-partner.de\\\/\"},{\"@type\":\"ListItem\",\"position\":2,\"name\":\"Erbrecht\"}]},{\"@type\":\"WebSite\",\"@id\":\"https:\\\/\\\/harnisch-partner.de\\\/#website\",\"url\":\"https:\\\/\\\/harnisch-partner.de\\\/\",\"name\":\"Harnisch & Partner\",\"description\":\"Abogados\",\"publisher\":{\"@id\":\"https:\\\/\\\/harnisch-partner.de\\\/#organization\"},\"potentialAction\":[{\"@type\":\"SearchAction\",\"target\":{\"@type\":\"EntryPoint\",\"urlTemplate\":\"https:\\\/\\\/harnisch-partner.de\\\/?s={search_term_string}\"},\"query-input\":{\"@type\":\"PropertyValueSpecification\",\"valueRequired\":true,\"valueName\":\"search_term_string\"}}],\"inLanguage\":\"es-ES\"},{\"@type\":\"Organization\",\"@id\":\"https:\\\/\\\/harnisch-partner.de\\\/#organization\",\"name\":\"Harnisch & Partner Rechtsanw\u00e4lte\",\"url\":\"https:\\\/\\\/harnisch-partner.de\\\/\",\"logo\":{\"@type\":\"ImageObject\",\"inLanguage\":\"es-ES\",\"@id\":\"https:\\\/\\\/harnisch-partner.de\\\/#\\\/schema\\\/logo\\\/image\\\/\",\"url\":\"\",\"contentUrl\":\"\",\"caption\":\"Harnisch & Partner Rechtsanw\u00e4lte\"},\"image\":{\"@id\":\"https:\\\/\\\/harnisch-partner.de\\\/#\\\/schema\\\/logo\\\/image\\\/\"}}]}<\/script>\n<!-- \/ Yoast SEO plugin. -->","yoast_head_json":{"title":"Erbrecht - Harnisch & Partner Rechtsanw\u00e4lte","robots":{"index":"index","follow":"follow","max-snippet":"max-snippet:-1","max-image-preview":"max-image-preview:large","max-video-preview":"max-video-preview:-1"},"canonical":"https:\/\/harnisch-partner.de\/erbrecht\/","og_locale":"es_ES","og_type":"article","og_title":"Erbrecht - Harnisch &amp; Partner","og_url":"https:\/\/harnisch-partner.de\/erbrecht\/","og_site_name":"Harnisch &amp; Partner","article_modified_time":"2026-03-31T13:10:14+00:00","twitter_card":"summary_large_image","twitter_misc":{"Est. reading time":"2 minutes"},"schema":{"@context":"https:\/\/schema.org","@graph":[{"@type":"WebPage","@id":"https:\/\/harnisch-partner.de\/erbrecht\/","url":"https:\/\/harnisch-partner.de\/erbrecht\/","name":"Erbrecht - Harnisch & Partner Rechtsanw\u00e4lte","isPartOf":{"@id":"https:\/\/harnisch-partner.de\/#website"},"datePublished":"2026-03-28T18:54:04+00:00","dateModified":"2026-03-31T13:10:14+00:00","description":"Erbrecht. Harnisch & Partner. International ausgerichtete Anwaltskanzlei mit Sitz in Berlin.","breadcrumb":{"@id":"https:\/\/harnisch-partner.de\/erbrecht\/#breadcrumb"},"inLanguage":"es-ES","potentialAction":[{"@type":"ReadAction","target":["https:\/\/harnisch-partner.de\/erbrecht\/"]}]},{"@type":"BreadcrumbList","@id":"https:\/\/harnisch-partner.de\/erbrecht\/#breadcrumb","itemListElement":[{"@type":"ListItem","position":1,"name":"Start","item":"https:\/\/harnisch-partner.de\/"},{"@type":"ListItem","position":2,"name":"Erbrecht"}]},{"@type":"WebSite","@id":"https:\/\/harnisch-partner.de\/#website","url":"https:\/\/harnisch-partner.de\/","name":"Harnisch & Partner","description":"Abogados","publisher":{"@id":"https:\/\/harnisch-partner.de\/#organization"},"potentialAction":[{"@type":"SearchAction","target":{"@type":"EntryPoint","urlTemplate":"https:\/\/harnisch-partner.de\/?s={search_term_string}"},"query-input":{"@type":"PropertyValueSpecification","valueRequired":true,"valueName":"search_term_string"}}],"inLanguage":"es-ES"},{"@type":"Organization","@id":"https:\/\/harnisch-partner.de\/#organization","name":"Harnisch & Partner Rechtsanw\u00e4lte","url":"https:\/\/harnisch-partner.de\/","logo":{"@type":"ImageObject","inLanguage":"es-ES","@id":"https:\/\/harnisch-partner.de\/#\/schema\/logo\/image\/","url":"","contentUrl":"","caption":"Harnisch & Partner Rechtsanw\u00e4lte"},"image":{"@id":"https:\/\/harnisch-partner.de\/#\/schema\/logo\/image\/"}}]}},"_links":{"self":[{"href":"https:\/\/harnisch-partner.de\/es\/wp-json\/wp\/v2\/pages\/1135","targetHints":{"allow":["GET"]}}],"collection":[{"href":"https:\/\/harnisch-partner.de\/es\/wp-json\/wp\/v2\/pages"}],"about":[{"href":"https:\/\/harnisch-partner.de\/es\/wp-json\/wp\/v2\/types\/page"}],"author":[{"embeddable":true,"href":"https:\/\/harnisch-partner.de\/es\/wp-json\/wp\/v2\/users\/1"}],"replies":[{"embeddable":true,"href":"https:\/\/harnisch-partner.de\/es\/wp-json\/wp\/v2\/comments?post=1135"}],"version-history":[{"count":7,"href":"https:\/\/harnisch-partner.de\/es\/wp-json\/wp\/v2\/pages\/1135\/revisions"}],"predecessor-version":[{"id":1309,"href":"https:\/\/harnisch-partner.de\/es\/wp-json\/wp\/v2\/pages\/1135\/revisions\/1309"}],"wp:attachment":[{"href":"https:\/\/harnisch-partner.de\/es\/wp-json\/wp\/v2\/media?parent=1135"}],"curies":[{"name":"wp","href":"https:\/\/api.w.org\/{rel}","templated":true}]}}