{"id":1134,"date":"2026-03-28T18:52:17","date_gmt":"2026-03-28T18:52:17","guid":{"rendered":"https:\/\/harnisch-partner.de\/?page_id=1134"},"modified":"2026-03-31T18:31:41","modified_gmt":"2026-03-31T18:31:41","slug":"strafrecht","status":"publish","type":"page","link":"https:\/\/harnisch-partner.de\/es\/strafrecht\/","title":{"rendered":"Derecho Penal"},"content":{"rendered":"<h1>Derecho Penal<\/h1>\n<p>Los abogados de Harnisch &amp; Partner defienden desde hace a\u00f1os los intereses de sus clientes en procedimientos penales. Nuestro \u00e1mbito de especializaci\u00f3n reside en elDerecho Penal Econ\u00f3mico.<br \/>\nEn Derecho Penal suele ser a menudo de aplicaci\u00f3n el c\u00e9lebre proverbio: \u201chablar es plata; callar es oro\u201d. En este sentido y para que actuen correctamente desde un principio, no duden en requerir nuestra asistencia.<br \/>\nEst\u00e1 acusado de haber cometido alg\u00fan delito?<br \/>\nSe ha iniciado alg\u00fan procedimiento de investigaci\u00f3n con Usted?<br \/>\nHa obtenido alguna orden de pago o multa (\u201cStrafbefehl\u201d)?<br \/>\nExiste una orden de arresto (\u201cHaftbefehl\u201d) contra Usted?<br \/>\nA fin de evitar eventuales sanciones penales en el futuro, los abogados de Harnisch &amp; Partner actuan siempre con la mayor profesionalidad y celeridad posible.<br \/>\n<script type=\"application\/ld+json\">\n{\n  \"@context\": \"https:\/\/schema.org\",\n  \"@type\": \"Attorney\",\n  \"name\": \"Harnisch & Partner\",\n  \"url\": \"https:\/\/harnisch-partner.de\",\n  \"hasOfferCatalog\": {\n    \"@type\": \"OfferCatalog\",\n    \"name\": \"Rechtsgebiete\",\n    \"itemListElement\": [\n      {\n        \"@type\": \"Offer\",\n        \"itemOffered\": {\n          \"@type\": \"LegalService\",\n          \"name\": \"Derecho Penal\",\n          \"description\": \"Defensa penal comprometida y asesoramiento en procedimientos de investigaci\u00f3n penal, ante los tribunales y en materia de derecho penal internacional.\",\n          \"url\": \"https:\/\/harnisch-partner.de\/es\/strafrecht\",\n          \"provider\": {\n            \"@type\": \"Attorney\",\n            \"name\": \"Harnisch & Partner\"\n          },\n          \"areaServed\": [\"DE\", \"ES\"],\n          \"availableLanguage\": [\"German\", \"English\", \"Spanish\"]\n        }\n      }\n    ]\n  }\n}\n<\/script><\/p>\n","protected":false},"excerpt":{"rendered":"<p>Derecho Penal Los abogados de Harnisch &amp; Partner defienden desde hace a\u00f1os los intereses de sus clientes en procedimientos penales. Nuestro \u00e1mbito de especializaci\u00f3n reside en elDerecho Penal Econ\u00f3mico. En Derecho Penal suele ser a menudo de aplicaci\u00f3n el c\u00e9lebre proverbio: \u201chablar es plata; callar es oro\u201d. En este sentido y para que actuen correctamente [&hellip;]<\/p>\n","protected":false},"author":1,"featured_media":0,"parent":0,"menu_order":0,"comment_status":"closed","ping_status":"closed","template":"","meta":{"_acf_changed":false,"footnotes":""},"class_list":["post-1134","page","type-page","status-publish","hentry"],"translation":{"provider":"WPGlobus","version":"3.0.2","language":"es","enabled_languages":["de","en","es"],"languages":{"de":{"title":true,"content":true,"excerpt":false},"en":{"title":true,"content":true,"excerpt":false},"es":{"title":true,"content":true,"excerpt":false}}},"acf":[],"yoast_head":"<!-- This site is optimized with the Yoast SEO plugin v27.4 - https:\/\/yoast.com\/product\/yoast-seo-wordpress\/ -->\n<title>Derecho Penal<\/title>\n<meta name=\"description\" content=\"Derecho Penal\" \/>\n<meta name=\"robots\" content=\"index, follow, max-snippet:-1, max-image-preview:large, max-video-preview:-1\" \/>\n<link rel=\"canonical\" href=\"https:\/\/harnisch-partner.de\/strafrecht\/\" \/>\n<meta property=\"og:locale\" content=\"es_ES\" \/>\n<meta property=\"og:type\" content=\"article\" \/>\n<meta property=\"og:title\" content=\"Derecho Penal\" \/>\n<meta property=\"og:description\" content=\"Derecho Penal\" \/>\n<meta property=\"og:url\" content=\"https:\/\/harnisch-partner.de\/strafrecht\/\" \/>\n<meta property=\"og:site_name\" content=\"Harnisch &amp; Partner\" \/>\n<meta property=\"article:modified_time\" content=\"2026-03-31T18:31:41+00:00\" \/>\n<meta name=\"twitter:card\" content=\"summary_large_image\" \/>\n<meta name=\"twitter:label1\" content=\"Est. reading time\" \/>\n\t<meta name=\"twitter:data1\" content=\"1 minute\" \/>\n<script type=\"application\/ld+json\" class=\"yoast-schema-graph\">{\"@context\":\"https:\\\/\\\/schema.org\",\"@graph\":[{\"@type\":\"WebPage\",\"@id\":\"https:\\\/\\\/harnisch-partner.de\\\/strafrecht\\\/\",\"url\":\"https:\\\/\\\/harnisch-partner.de\\\/strafrecht\\\/\",\"name\":\"Derecho Penal\",\"isPartOf\":{\"@id\":\"https:\\\/\\\/harnisch-partner.de\\\/#website\"},\"datePublished\":\"2026-03-28T18:52:17+00:00\",\"dateModified\":\"2026-03-31T18:31:41+00:00\",\"description\":\"Derecho Penal\",\"breadcrumb\":{\"@id\":\"https:\\\/\\\/harnisch-partner.de\\\/strafrecht\\\/#breadcrumb\"},\"inLanguage\":\"es-ES\",\"potentialAction\":[{\"@type\":\"ReadAction\",\"target\":[\"https:\\\/\\\/harnisch-partner.de\\\/strafrecht\\\/\"]}]},{\"@type\":\"BreadcrumbList\",\"@id\":\"https:\\\/\\\/harnisch-partner.de\\\/strafrecht\\\/#breadcrumb\",\"itemListElement\":[{\"@type\":\"ListItem\",\"position\":1,\"name\":\"Start\",\"item\":\"https:\\\/\\\/harnisch-partner.de\\\/\"},{\"@type\":\"ListItem\",\"position\":2,\"name\":\"Strafrecht\"}]},{\"@type\":\"WebSite\",\"@id\":\"https:\\\/\\\/harnisch-partner.de\\\/#website\",\"url\":\"https:\\\/\\\/harnisch-partner.de\\\/\",\"name\":\"Harnisch & Partner\",\"description\":\"Abogados\",\"publisher\":{\"@id\":\"https:\\\/\\\/harnisch-partner.de\\\/#organization\"},\"potentialAction\":[{\"@type\":\"SearchAction\",\"target\":{\"@type\":\"EntryPoint\",\"urlTemplate\":\"https:\\\/\\\/harnisch-partner.de\\\/?s={search_term_string}\"},\"query-input\":{\"@type\":\"PropertyValueSpecification\",\"valueRequired\":true,\"valueName\":\"search_term_string\"}}],\"inLanguage\":\"es-ES\"},{\"@type\":\"Organization\",\"@id\":\"https:\\\/\\\/harnisch-partner.de\\\/#organization\",\"name\":\"Harnisch & Partner Rechtsanw\u00e4lte\",\"url\":\"https:\\\/\\\/harnisch-partner.de\\\/\",\"logo\":{\"@type\":\"ImageObject\",\"inLanguage\":\"es-ES\",\"@id\":\"https:\\\/\\\/harnisch-partner.de\\\/#\\\/schema\\\/logo\\\/image\\\/\",\"url\":\"\",\"contentUrl\":\"\",\"caption\":\"Harnisch & Partner Rechtsanw\u00e4lte\"},\"image\":{\"@id\":\"https:\\\/\\\/harnisch-partner.de\\\/#\\\/schema\\\/logo\\\/image\\\/\"}}]}<\/script>\n<!-- \/ Yoast SEO plugin. -->","yoast_head_json":{"title":"Derecho Penal","description":"Derecho Penal","robots":{"index":"index","follow":"follow","max-snippet":"max-snippet:-1","max-image-preview":"max-image-preview:large","max-video-preview":"max-video-preview:-1"},"canonical":"https:\/\/harnisch-partner.de\/strafrecht\/","og_locale":"es_ES","og_type":"article","og_title":"Derecho Penal","og_description":"Derecho Penal","og_url":"https:\/\/harnisch-partner.de\/strafrecht\/","og_site_name":"Harnisch &amp; Partner","article_modified_time":"2026-03-31T18:31:41+00:00","twitter_card":"summary_large_image","twitter_misc":{"Est. reading time":"1 minute"},"schema":{"@context":"https:\/\/schema.org","@graph":[{"@type":"WebPage","@id":"https:\/\/harnisch-partner.de\/strafrecht\/","url":"https:\/\/harnisch-partner.de\/strafrecht\/","name":"Derecho Penal","isPartOf":{"@id":"https:\/\/harnisch-partner.de\/#website"},"datePublished":"2026-03-28T18:52:17+00:00","dateModified":"2026-03-31T18:31:41+00:00","description":"Derecho Penal","breadcrumb":{"@id":"https:\/\/harnisch-partner.de\/strafrecht\/#breadcrumb"},"inLanguage":"es-ES","potentialAction":[{"@type":"ReadAction","target":["https:\/\/harnisch-partner.de\/strafrecht\/"]}]},{"@type":"BreadcrumbList","@id":"https:\/\/harnisch-partner.de\/strafrecht\/#breadcrumb","itemListElement":[{"@type":"ListItem","position":1,"name":"Start","item":"https:\/\/harnisch-partner.de\/"},{"@type":"ListItem","position":2,"name":"Strafrecht"}]},{"@type":"WebSite","@id":"https:\/\/harnisch-partner.de\/#website","url":"https:\/\/harnisch-partner.de\/","name":"Harnisch & Partner","description":"Abogados","publisher":{"@id":"https:\/\/harnisch-partner.de\/#organization"},"potentialAction":[{"@type":"SearchAction","target":{"@type":"EntryPoint","urlTemplate":"https:\/\/harnisch-partner.de\/?s={search_term_string}"},"query-input":{"@type":"PropertyValueSpecification","valueRequired":true,"valueName":"search_term_string"}}],"inLanguage":"es-ES"},{"@type":"Organization","@id":"https:\/\/harnisch-partner.de\/#organization","name":"Harnisch & Partner Rechtsanw\u00e4lte","url":"https:\/\/harnisch-partner.de\/","logo":{"@type":"ImageObject","inLanguage":"es-ES","@id":"https:\/\/harnisch-partner.de\/#\/schema\/logo\/image\/","url":"","contentUrl":"","caption":"Harnisch & Partner Rechtsanw\u00e4lte"},"image":{"@id":"https:\/\/harnisch-partner.de\/#\/schema\/logo\/image\/"}}]}},"_links":{"self":[{"href":"https:\/\/harnisch-partner.de\/es\/wp-json\/wp\/v2\/pages\/1134","targetHints":{"allow":["GET"]}}],"collection":[{"href":"https:\/\/harnisch-partner.de\/es\/wp-json\/wp\/v2\/pages"}],"about":[{"href":"https:\/\/harnisch-partner.de\/es\/wp-json\/wp\/v2\/types\/page"}],"author":[{"embeddable":true,"href":"https:\/\/harnisch-partner.de\/es\/wp-json\/wp\/v2\/users\/1"}],"replies":[{"embeddable":true,"href":"https:\/\/harnisch-partner.de\/es\/wp-json\/wp\/v2\/comments?post=1134"}],"version-history":[{"count":9,"href":"https:\/\/harnisch-partner.de\/es\/wp-json\/wp\/v2\/pages\/1134\/revisions"}],"predecessor-version":[{"id":1324,"href":"https:\/\/harnisch-partner.de\/es\/wp-json\/wp\/v2\/pages\/1134\/revisions\/1324"}],"wp:attachment":[{"href":"https:\/\/harnisch-partner.de\/es\/wp-json\/wp\/v2\/media?parent=1134"}],"curies":[{"name":"wp","href":"https:\/\/api.w.org\/{rel}","templated":true}]}}