{"id":1102,"date":"2026-03-28T18:21:12","date_gmt":"2026-03-28T18:21:12","guid":{"rendered":"https:\/\/harnisch-partner.de\/?page_id=1102"},"modified":"2026-04-11T08:16:12","modified_gmt":"2026-04-11T08:16:12","slug":"spanisches-recht","status":"publish","type":"page","link":"https:\/\/harnisch-partner.de\/es\/spanisches-recht\/","title":{"rendered":"Derecho Espa\u00f1ol"},"content":{"rendered":"<h1>Derecho Espa\u00f1ol<\/h1>\n<p>Harnisch &amp; Partner asesoran en cuestiones de Derecho Espa\u00f1ol, especialmente en las relativas al Derecho Immobiliario, Derecho de Sucesiones y Donaciones as\u00ed como Derecho Mercantil y Societario. Disponemos de una amplia experiencia profesional en Espa\u00f1a y en determinados casos, de forma a obtener la soluci\u00f3n m\u00e1s efectiva y satisfactoria para nuestros clientes, trabajamos conjuntamente con compa\u00f1erosresidentes en las distintas ciudades del pa\u00eds.<br \/>\n<script type=\"application\/ld+json\">\n{\n  \"@context\": \"https:\/\/schema.org\",\n  \"@type\": \"Attorney\",\n  \"name\": \"Harnisch & Partner\",\n  \"url\": \"https:\/\/harnisch-partner.de\",\n  \"hasOfferCatalog\": {\n    \"@type\": \"OfferCatalog\",\n    \"name\": \"Rechtsgebiete\",\n    \"itemListElement\": [\n      {\n        \"@type\": \"Offer\",\n        \"itemOffered\": {\n          \"@type\": \"LegalService\",\n          \"name\": \"Derecho Espa\u00f1ol\",\n          \"description\": \"Asesoramiento especializado en el sistema jur\u00eddico espa\u00f1ol para clientes que viven, invierten o desarrollan actividades empresariales en Espa\u00f1a.\",\n          \"url\": \"https:\/\/harnisch-partner.de\/es\/spanisches-recht\/\",\n          \"provider\": {\n            \"@type\": \"Attorney\",\n            \"name\": \"Harnisch & Partner\"\n          },\n          \"areaServed\": [\"ES\"],\n          \"availableLanguage\": [\"German\", \"English\", \"Spanish\"]\n        }\n      }\n    ]\n  }\n}\n<\/script><\/p>\n","protected":false},"excerpt":{"rendered":"<p>Derecho Espa\u00f1ol Harnisch &amp; Partner asesoran en cuestiones de Derecho Espa\u00f1ol, especialmente en las relativas al Derecho Immobiliario, Derecho de Sucesiones y Donaciones as\u00ed como Derecho Mercantil y Societario. Disponemos de una amplia experiencia profesional en Espa\u00f1a y en determinados casos, de forma a obtener la soluci\u00f3n m\u00e1s efectiva y satisfactoria para nuestros clientes, trabajamos [&hellip;]<\/p>\n","protected":false},"author":1,"featured_media":0,"parent":0,"menu_order":0,"comment_status":"closed","ping_status":"closed","template":"","meta":{"_acf_changed":false,"footnotes":""},"class_list":["post-1102","page","type-page","status-publish","hentry"],"translation":{"provider":"WPGlobus","version":"3.0.2","language":"es","enabled_languages":["de","en","es"],"languages":{"de":{"title":true,"content":true,"excerpt":false},"en":{"title":true,"content":true,"excerpt":false},"es":{"title":true,"content":true,"excerpt":false}}},"acf":[],"yoast_head":"<!-- This site is optimized with the Yoast SEO plugin v27.4 - https:\/\/yoast.com\/product\/yoast-seo-wordpress\/ -->\n<title>Derecho Espa\u00f1ol<\/title>\n<meta name=\"description\" content=\"Derecho Espa\u00f1ol\" \/>\n<meta name=\"robots\" content=\"index, follow, max-snippet:-1, max-image-preview:large, max-video-preview:-1\" \/>\n<link rel=\"canonical\" href=\"https:\/\/harnisch-partner.de\/spanisches-recht\/\" \/>\n<meta property=\"og:locale\" content=\"es_ES\" \/>\n<meta property=\"og:type\" content=\"article\" \/>\n<meta property=\"og:title\" content=\"Derecho Espa\u00f1ol\" \/>\n<meta property=\"og:description\" content=\"Derecho Espa\u00f1ol\" \/>\n<meta property=\"og:url\" content=\"https:\/\/harnisch-partner.de\/spanisches-recht\/\" \/>\n<meta property=\"og:site_name\" content=\"Harnisch &amp; Partner\" \/>\n<meta property=\"article:modified_time\" content=\"2026-04-11T08:16:12+00:00\" \/>\n<meta name=\"twitter:card\" content=\"summary_large_image\" \/>\n<meta name=\"twitter:label1\" content=\"Est. reading time\" \/>\n\t<meta name=\"twitter:data1\" content=\"1 minute\" \/>\n<script type=\"application\/ld+json\" class=\"yoast-schema-graph\">{\"@context\":\"https:\\\/\\\/schema.org\",\"@graph\":[{\"@type\":\"WebPage\",\"@id\":\"https:\\\/\\\/harnisch-partner.de\\\/spanisches-recht\\\/\",\"url\":\"https:\\\/\\\/harnisch-partner.de\\\/spanisches-recht\\\/\",\"name\":\"Spanisches Recht. Harnisch & Partner Rechtsanwaltskanzlei.\",\"isPartOf\":{\"@id\":\"https:\\\/\\\/harnisch-partner.de\\\/#website\"},\"datePublished\":\"2026-03-28T18:21:12+00:00\",\"dateModified\":\"2026-04-11T08:16:12+00:00\",\"description\":\"Spanisches Recht. Harnisch & Partner. Wir sind eine international ausgerichtete Rechtsanwaltskanzlei mit Sitz in Berlin.\",\"breadcrumb\":{\"@id\":\"https:\\\/\\\/harnisch-partner.de\\\/spanisches-recht\\\/#breadcrumb\"},\"inLanguage\":\"es-ES\",\"potentialAction\":[{\"@type\":\"ReadAction\",\"target\":[\"https:\\\/\\\/harnisch-partner.de\\\/spanisches-recht\\\/\"]}]},{\"@type\":\"BreadcrumbList\",\"@id\":\"https:\\\/\\\/harnisch-partner.de\\\/spanisches-recht\\\/#breadcrumb\",\"itemListElement\":[{\"@type\":\"ListItem\",\"position\":1,\"name\":\"Start\",\"item\":\"https:\\\/\\\/harnisch-partner.de\\\/\"},{\"@type\":\"ListItem\",\"position\":2,\"name\":\"Spanisches Recht\"}]},{\"@type\":\"WebSite\",\"@id\":\"https:\\\/\\\/harnisch-partner.de\\\/#website\",\"url\":\"https:\\\/\\\/harnisch-partner.de\\\/\",\"name\":\"Harnisch & Partner\",\"description\":\"Abogados\",\"publisher\":{\"@id\":\"https:\\\/\\\/harnisch-partner.de\\\/#organization\"},\"potentialAction\":[{\"@type\":\"SearchAction\",\"target\":{\"@type\":\"EntryPoint\",\"urlTemplate\":\"https:\\\/\\\/harnisch-partner.de\\\/?s={search_term_string}\"},\"query-input\":{\"@type\":\"PropertyValueSpecification\",\"valueRequired\":true,\"valueName\":\"search_term_string\"}}],\"inLanguage\":\"es-ES\"},{\"@type\":\"Organization\",\"@id\":\"https:\\\/\\\/harnisch-partner.de\\\/#organization\",\"name\":\"Harnisch & Partner Rechtsanw\u00e4lte\",\"url\":\"https:\\\/\\\/harnisch-partner.de\\\/\",\"logo\":{\"@type\":\"ImageObject\",\"inLanguage\":\"es-ES\",\"@id\":\"https:\\\/\\\/harnisch-partner.de\\\/#\\\/schema\\\/logo\\\/image\\\/\",\"url\":\"\",\"contentUrl\":\"\",\"caption\":\"Harnisch & Partner Rechtsanw\u00e4lte\"},\"image\":{\"@id\":\"https:\\\/\\\/harnisch-partner.de\\\/#\\\/schema\\\/logo\\\/image\\\/\"}}]}<\/script>\n<!-- \/ Yoast SEO plugin. -->","yoast_head_json":{"title":"Derecho Espa\u00f1ol","description":"Derecho Espa\u00f1ol","robots":{"index":"index","follow":"follow","max-snippet":"max-snippet:-1","max-image-preview":"max-image-preview:large","max-video-preview":"max-video-preview:-1"},"canonical":"https:\/\/harnisch-partner.de\/spanisches-recht\/","og_locale":"es_ES","og_type":"article","og_title":"Derecho Espa\u00f1ol","og_description":"Derecho Espa\u00f1ol","og_url":"https:\/\/harnisch-partner.de\/spanisches-recht\/","og_site_name":"Harnisch &amp; Partner","article_modified_time":"2026-04-11T08:16:12+00:00","twitter_card":"summary_large_image","twitter_misc":{"Est. reading time":"1 minute"},"schema":{"@context":"https:\/\/schema.org","@graph":[{"@type":"WebPage","@id":"https:\/\/harnisch-partner.de\/spanisches-recht\/","url":"https:\/\/harnisch-partner.de\/spanisches-recht\/","name":"Spanisches Recht. Harnisch & Partner Rechtsanwaltskanzlei.","isPartOf":{"@id":"https:\/\/harnisch-partner.de\/#website"},"datePublished":"2026-03-28T18:21:12+00:00","dateModified":"2026-04-11T08:16:12+00:00","description":"Spanisches Recht. Harnisch & Partner. Wir sind eine international ausgerichtete Rechtsanwaltskanzlei mit Sitz in Berlin.","breadcrumb":{"@id":"https:\/\/harnisch-partner.de\/spanisches-recht\/#breadcrumb"},"inLanguage":"es-ES","potentialAction":[{"@type":"ReadAction","target":["https:\/\/harnisch-partner.de\/spanisches-recht\/"]}]},{"@type":"BreadcrumbList","@id":"https:\/\/harnisch-partner.de\/spanisches-recht\/#breadcrumb","itemListElement":[{"@type":"ListItem","position":1,"name":"Start","item":"https:\/\/harnisch-partner.de\/"},{"@type":"ListItem","position":2,"name":"Spanisches Recht"}]},{"@type":"WebSite","@id":"https:\/\/harnisch-partner.de\/#website","url":"https:\/\/harnisch-partner.de\/","name":"Harnisch & Partner","description":"Abogados","publisher":{"@id":"https:\/\/harnisch-partner.de\/#organization"},"potentialAction":[{"@type":"SearchAction","target":{"@type":"EntryPoint","urlTemplate":"https:\/\/harnisch-partner.de\/?s={search_term_string}"},"query-input":{"@type":"PropertyValueSpecification","valueRequired":true,"valueName":"search_term_string"}}],"inLanguage":"es-ES"},{"@type":"Organization","@id":"https:\/\/harnisch-partner.de\/#organization","name":"Harnisch & Partner Rechtsanw\u00e4lte","url":"https:\/\/harnisch-partner.de\/","logo":{"@type":"ImageObject","inLanguage":"es-ES","@id":"https:\/\/harnisch-partner.de\/#\/schema\/logo\/image\/","url":"","contentUrl":"","caption":"Harnisch & Partner Rechtsanw\u00e4lte"},"image":{"@id":"https:\/\/harnisch-partner.de\/#\/schema\/logo\/image\/"}}]}},"_links":{"self":[{"href":"https:\/\/harnisch-partner.de\/es\/wp-json\/wp\/v2\/pages\/1102","targetHints":{"allow":["GET"]}}],"collection":[{"href":"https:\/\/harnisch-partner.de\/es\/wp-json\/wp\/v2\/pages"}],"about":[{"href":"https:\/\/harnisch-partner.de\/es\/wp-json\/wp\/v2\/types\/page"}],"author":[{"embeddable":true,"href":"https:\/\/harnisch-partner.de\/es\/wp-json\/wp\/v2\/users\/1"}],"replies":[{"embeddable":true,"href":"https:\/\/harnisch-partner.de\/es\/wp-json\/wp\/v2\/comments?post=1102"}],"version-history":[{"count":9,"href":"https:\/\/harnisch-partner.de\/es\/wp-json\/wp\/v2\/pages\/1102\/revisions"}],"predecessor-version":[{"id":1321,"href":"https:\/\/harnisch-partner.de\/es\/wp-json\/wp\/v2\/pages\/1102\/revisions\/1321"}],"wp:attachment":[{"href":"https:\/\/harnisch-partner.de\/es\/wp-json\/wp\/v2\/media?parent=1102"}],"curies":[{"name":"wp","href":"https:\/\/api.w.org\/{rel}","templated":true}]}}