{"id":1100,"date":"2026-03-28T18:20:01","date_gmt":"2026-03-28T18:20:01","guid":{"rendered":"https:\/\/harnisch-partner.de\/?page_id=1100"},"modified":"2026-04-11T08:15:33","modified_gmt":"2026-04-11T08:15:33","slug":"internationales-privatrecht","status":"publish","type":"page","link":"https:\/\/harnisch-partner.de\/es\/internationales-privatrecht\/","title":{"rendered":"Derecho Internacional Privado"},"content":{"rendered":"<h1>Derecho Internacional Privado<\/h1>\n<p>El Derecho Internacional Privado regula las cuestiones y relaciones jur\u00eddicas en las que confluyen diversos ordenamientos jur\u00eddicos. As\u00ed, en la mayor\u00eda de los casos se requiere un estudio previo a fin de determinar el derecho aplicable al caso y la jurisdicci\u00f3n competente.<br \/>\nLos abogados de Harnisch &amp; Partner tienen experiencia profesional en Estados Unidos, Canada, Tailandia, Gran Breta\u00f1a, Espa\u00f1a y Turqu\u00eda. Mediante esta especializaci\u00f3n estamos en medida de ofrecer a nuestros clientes la mejor soluci\u00f3n entre los diversos ordenamientos jur\u00eddicos aplicables. Gracias a nuestrared decontactos a nivel internacional, podemos ofrecer a nuestros clientes cuando el caso as\u00ed lo requiera, la colaboraci\u00f3n con compa\u00f1eros residentes en el extranjero.<br \/>\n<script type=\"application\/ld+json\">\n{\n  \"@context\": \"https:\/\/schema.org\",\n  \"@type\": \"Attorney\",\n  \"name\": \"Harnisch & Partner\",\n  \"url\": \"https:\/\/harnisch-partner.de\",\n  \"hasOfferCatalog\": {\n    \"@type\": \"OfferCatalog\",\n    \"name\": \"Rechtsgebiete\",\n    \"itemListElement\": [\n      {\n        \"@type\": \"Offer\",\n        \"itemOffered\": {\n          \"@type\": \"LegalService\",\n          \"name\": \"Derecho Internacional Privado\",\n          \"description\": \"Asesoramiento en asuntos jur\u00eddicos transfronterizos, derecho contractual internacional y conflictos legales con elementos extranjeros.\",\n          \"url\": \"https:\/\/harnisch-partner.de\/es\/internationales-privatrecht\/\",\n          \"provider\": {\n            \"@type\": \"Attorney\",\n            \"name\": \"Harnisch & Partner\"\n          },\n          \"areaServed\": [\"DE\", \"ES\", \"US\"],\n          \"availableLanguage\": [\"German\", \"English\", \"Spanish\"]\n        }\n      }\n    ]\n  }\n}\n<\/script><\/p>\n","protected":false},"excerpt":{"rendered":"<p>Derecho Internacional Privado El Derecho Internacional Privado regula las cuestiones y relaciones jur\u00eddicas en las que confluyen diversos ordenamientos jur\u00eddicos. As\u00ed, en la mayor\u00eda de los casos se requiere un estudio previo a fin de determinar el derecho aplicable al caso y la jurisdicci\u00f3n competente. Los abogados de Harnisch &amp; Partner tienen experiencia profesional en [&hellip;]<\/p>\n","protected":false},"author":1,"featured_media":0,"parent":0,"menu_order":0,"comment_status":"closed","ping_status":"closed","template":"","meta":{"_acf_changed":false,"footnotes":""},"class_list":["post-1100","page","type-page","status-publish","hentry"],"translation":{"provider":"WPGlobus","version":"3.0.2","language":"es","enabled_languages":["de","en","es"],"languages":{"de":{"title":true,"content":true,"excerpt":false},"en":{"title":true,"content":true,"excerpt":false},"es":{"title":true,"content":true,"excerpt":false}}},"acf":[],"yoast_head":"<!-- This site is optimized with the Yoast SEO plugin v27.4 - https:\/\/yoast.com\/product\/yoast-seo-wordpress\/ -->\n<title>Derecho Internacional Privado<\/title>\n<meta name=\"description\" content=\"Derecho Internacional Privado\" \/>\n<meta name=\"robots\" content=\"index, follow, max-snippet:-1, max-image-preview:large, max-video-preview:-1\" \/>\n<link rel=\"canonical\" href=\"https:\/\/harnisch-partner.de\/internationales-privatrecht\/\" \/>\n<meta property=\"og:locale\" content=\"es_ES\" \/>\n<meta property=\"og:type\" content=\"article\" \/>\n<meta property=\"og:title\" content=\"Derecho Internacional Privado\" \/>\n<meta property=\"og:description\" content=\"Derecho Internacional Privado\" \/>\n<meta property=\"og:url\" content=\"https:\/\/harnisch-partner.de\/internationales-privatrecht\/\" \/>\n<meta property=\"og:site_name\" content=\"Harnisch &amp; Partner\" \/>\n<meta property=\"article:modified_time\" content=\"2026-04-11T08:15:33+00:00\" \/>\n<meta name=\"twitter:card\" content=\"summary_large_image\" \/>\n<meta name=\"twitter:label1\" content=\"Est. reading time\" \/>\n\t<meta name=\"twitter:data1\" content=\"1 minute\" \/>\n<script type=\"application\/ld+json\" class=\"yoast-schema-graph\">{\"@context\":\"https:\\\/\\\/schema.org\",\"@graph\":[{\"@type\":\"WebPage\",\"@id\":\"https:\\\/\\\/harnisch-partner.de\\\/internationales-privatrecht\\\/\",\"url\":\"https:\\\/\\\/harnisch-partner.de\\\/internationales-privatrecht\\\/\",\"name\":\"Internationales Privatrecht - Harnisch & Partner Rechtsanw\u00e4lte\",\"isPartOf\":{\"@id\":\"https:\\\/\\\/harnisch-partner.de\\\/#website\"},\"datePublished\":\"2026-03-28T18:20:01+00:00\",\"dateModified\":\"2026-04-11T08:15:33+00:00\",\"description\":\"Internationales Privatrecht. Harnisch & Partner International ausgerichtete Anwaltskanzlei mit Sitz in Berlin.\",\"breadcrumb\":{\"@id\":\"https:\\\/\\\/harnisch-partner.de\\\/internationales-privatrecht\\\/#breadcrumb\"},\"inLanguage\":\"es-ES\",\"potentialAction\":[{\"@type\":\"ReadAction\",\"target\":[\"https:\\\/\\\/harnisch-partner.de\\\/internationales-privatrecht\\\/\"]}]},{\"@type\":\"BreadcrumbList\",\"@id\":\"https:\\\/\\\/harnisch-partner.de\\\/internationales-privatrecht\\\/#breadcrumb\",\"itemListElement\":[{\"@type\":\"ListItem\",\"position\":1,\"name\":\"Start\",\"item\":\"https:\\\/\\\/harnisch-partner.de\\\/\"},{\"@type\":\"ListItem\",\"position\":2,\"name\":\"Internationales Privatrecht\"}]},{\"@type\":\"WebSite\",\"@id\":\"https:\\\/\\\/harnisch-partner.de\\\/#website\",\"url\":\"https:\\\/\\\/harnisch-partner.de\\\/\",\"name\":\"Harnisch & Partner\",\"description\":\"Abogados\",\"publisher\":{\"@id\":\"https:\\\/\\\/harnisch-partner.de\\\/#organization\"},\"potentialAction\":[{\"@type\":\"SearchAction\",\"target\":{\"@type\":\"EntryPoint\",\"urlTemplate\":\"https:\\\/\\\/harnisch-partner.de\\\/?s={search_term_string}\"},\"query-input\":{\"@type\":\"PropertyValueSpecification\",\"valueRequired\":true,\"valueName\":\"search_term_string\"}}],\"inLanguage\":\"es-ES\"},{\"@type\":\"Organization\",\"@id\":\"https:\\\/\\\/harnisch-partner.de\\\/#organization\",\"name\":\"Harnisch & Partner Rechtsanw\u00e4lte\",\"url\":\"https:\\\/\\\/harnisch-partner.de\\\/\",\"logo\":{\"@type\":\"ImageObject\",\"inLanguage\":\"es-ES\",\"@id\":\"https:\\\/\\\/harnisch-partner.de\\\/#\\\/schema\\\/logo\\\/image\\\/\",\"url\":\"\",\"contentUrl\":\"\",\"caption\":\"Harnisch & Partner Rechtsanw\u00e4lte\"},\"image\":{\"@id\":\"https:\\\/\\\/harnisch-partner.de\\\/#\\\/schema\\\/logo\\\/image\\\/\"}}]}<\/script>\n<!-- \/ Yoast SEO plugin. -->","yoast_head_json":{"title":"Derecho Internacional Privado","description":"Derecho Internacional Privado","robots":{"index":"index","follow":"follow","max-snippet":"max-snippet:-1","max-image-preview":"max-image-preview:large","max-video-preview":"max-video-preview:-1"},"canonical":"https:\/\/harnisch-partner.de\/internationales-privatrecht\/","og_locale":"es_ES","og_type":"article","og_title":"Derecho Internacional Privado","og_description":"Derecho Internacional Privado","og_url":"https:\/\/harnisch-partner.de\/internationales-privatrecht\/","og_site_name":"Harnisch &amp; Partner","article_modified_time":"2026-04-11T08:15:33+00:00","twitter_card":"summary_large_image","twitter_misc":{"Est. reading time":"1 minute"},"schema":{"@context":"https:\/\/schema.org","@graph":[{"@type":"WebPage","@id":"https:\/\/harnisch-partner.de\/internationales-privatrecht\/","url":"https:\/\/harnisch-partner.de\/internationales-privatrecht\/","name":"Internationales Privatrecht - Harnisch & Partner Rechtsanw\u00e4lte","isPartOf":{"@id":"https:\/\/harnisch-partner.de\/#website"},"datePublished":"2026-03-28T18:20:01+00:00","dateModified":"2026-04-11T08:15:33+00:00","description":"Internationales Privatrecht. Harnisch & Partner International ausgerichtete Anwaltskanzlei mit Sitz in Berlin.","breadcrumb":{"@id":"https:\/\/harnisch-partner.de\/internationales-privatrecht\/#breadcrumb"},"inLanguage":"es-ES","potentialAction":[{"@type":"ReadAction","target":["https:\/\/harnisch-partner.de\/internationales-privatrecht\/"]}]},{"@type":"BreadcrumbList","@id":"https:\/\/harnisch-partner.de\/internationales-privatrecht\/#breadcrumb","itemListElement":[{"@type":"ListItem","position":1,"name":"Start","item":"https:\/\/harnisch-partner.de\/"},{"@type":"ListItem","position":2,"name":"Internationales Privatrecht"}]},{"@type":"WebSite","@id":"https:\/\/harnisch-partner.de\/#website","url":"https:\/\/harnisch-partner.de\/","name":"Harnisch & Partner","description":"Abogados","publisher":{"@id":"https:\/\/harnisch-partner.de\/#organization"},"potentialAction":[{"@type":"SearchAction","target":{"@type":"EntryPoint","urlTemplate":"https:\/\/harnisch-partner.de\/?s={search_term_string}"},"query-input":{"@type":"PropertyValueSpecification","valueRequired":true,"valueName":"search_term_string"}}],"inLanguage":"es-ES"},{"@type":"Organization","@id":"https:\/\/harnisch-partner.de\/#organization","name":"Harnisch & Partner Rechtsanw\u00e4lte","url":"https:\/\/harnisch-partner.de\/","logo":{"@type":"ImageObject","inLanguage":"es-ES","@id":"https:\/\/harnisch-partner.de\/#\/schema\/logo\/image\/","url":"","contentUrl":"","caption":"Harnisch & Partner Rechtsanw\u00e4lte"},"image":{"@id":"https:\/\/harnisch-partner.de\/#\/schema\/logo\/image\/"}}]}},"_links":{"self":[{"href":"https:\/\/harnisch-partner.de\/es\/wp-json\/wp\/v2\/pages\/1100","targetHints":{"allow":["GET"]}}],"collection":[{"href":"https:\/\/harnisch-partner.de\/es\/wp-json\/wp\/v2\/pages"}],"about":[{"href":"https:\/\/harnisch-partner.de\/es\/wp-json\/wp\/v2\/types\/page"}],"author":[{"embeddable":true,"href":"https:\/\/harnisch-partner.de\/es\/wp-json\/wp\/v2\/users\/1"}],"replies":[{"embeddable":true,"href":"https:\/\/harnisch-partner.de\/es\/wp-json\/wp\/v2\/comments?post=1100"}],"version-history":[{"count":10,"href":"https:\/\/harnisch-partner.de\/es\/wp-json\/wp\/v2\/pages\/1100\/revisions"}],"predecessor-version":[{"id":1322,"href":"https:\/\/harnisch-partner.de\/es\/wp-json\/wp\/v2\/pages\/1100\/revisions\/1322"}],"wp:attachment":[{"href":"https:\/\/harnisch-partner.de\/es\/wp-json\/wp\/v2\/media?parent=1100"}],"curies":[{"name":"wp","href":"https:\/\/api.w.org\/{rel}","templated":true}]}}