{"id":1082,"date":"2026-03-28T11:55:06","date_gmt":"2026-03-28T11:55:06","guid":{"rendered":"https:\/\/harnisch-partner.de\/?page_id=1082"},"modified":"2026-03-31T18:42:52","modified_gmt":"2026-03-31T18:42:52","slug":"handels-und-gesellschaftsrecht","status":"publish","type":"page","link":"https:\/\/harnisch-partner.de\/es\/handels-und-gesellschaftsrecht\/","title":{"rendered":"Derecho mercantil y de Sociedades"},"content":{"rendered":"<div class=\"wpb-content-wrapper\"><p>[vc_row][vc_column][vc_column_text css=&#8221;.vc_custom_1774698948498{padding-top: 40px !important;padding-bottom: 40px !important;}&#8221;]<\/p>\n<h1>Derecho mercantil y societario<\/h1>\n<p>Los abogados de Harnisch &amp; Partner est\u00e1n a su disposici\u00f3n para prestar asesoramiento sobre cualquier conflicto de car\u00e1cter econ\u00f3mico y\/o civil, elaborar contratos de agencia, de representaci\u00f3n y comisi\u00f3n mercantil entre otros tipos de contratos de cooperaci\u00f3n y comercializaci\u00f3nen el \u00e1mbito de ventas y distribuci\u00f3n.<br \/>\nEn materia de Derecho de Sociedades ofrecemos asesoramiento sobrecualquier forma societaria, si bien estamos esencialmente especializados en las cuestiones derivadas del derecho de las Sociedades Limitadas (\u201cGmbH\u201d). Adem\u00e1s de las cuestiones relativas a la elaboraci\u00f3n de los estatutos, estamos a su disposici\u00f3n para asesorarle en procesos de constituci\u00f3n y estructuraci\u00f3n del consejo de administraci\u00f3n, convocatoria de juntas y representaci\u00f3n de socios, concepci\u00f3n y ejecuci\u00f3n de cambios en el capital de la sociedad, elaboraci\u00f3n preparaci\u00f3n e implementaci\u00f3n de las resoluciones correspondientes, como puedan ser los aumentos de capital social ya sea por aportaci\u00f3n de los socios o de otras sociedades nacionales y\/o internacionales,considerando en este \u00faltimo caso especialmentelos requisitos formales exigidos en materia de apoderamiento y representaci\u00f3n (otorgamiento de apostillas, etc.).<br \/>\nAsimismo ofrecemos asesoramiento sobre tipos de sociedades extranjeras como puedan ser las Limited Liability Company (LLC), US-Corporations., Ltd, S.L., etc.[\/vc_column_text][\/vc_column][\/vc_row]<br \/>\n<script type=\"application\/ld+json\">\n{\n  \"@context\": \"https:\/\/schema.org\",\n  \"@type\": \"Attorney\",\n  \"name\": \"Harnisch & Partner\",\n  \"url\": \"https:\/\/harnisch-partner.de\",\n  \"hasOfferCatalog\": {\n    \"@type\": \"OfferCatalog\",\n    \"name\": \"Rechtsgebiete\",\n    \"itemListElement\": [\n      {\n        \"@type\": \"Offer\",\n        \"itemOffered\": {\n          \"@type\": \"LegalService\",\n          \"name\": \"Derecho Mercantil\",\n          \"description\": \"Asesoramiento jur\u00eddico integral para empresas en todos los \u00e1mbitos del derecho mercantil y societario, incluyendo redacci\u00f3n de contratos, estructuraci\u00f3n empresarial y fusiones.\",\n          \"url\": \"https:\/\/harnisch-partner.de\/es\/handels-und-gesellschaftsrecht\/\",\n          \"provider\": {\n            \"@type\": \"Attorney\",\n            \"name\": \"Harnisch & Partner\"\n          },\n          \"areaServed\": [\"DE\", \"ES\", \"US\"],\n          \"availableLanguage\": [\"German\", \"English\", \"Spanish\"]\n        }\n      }\n    ]\n  }\n}\n<\/script><\/p>\n<\/div>","protected":false},"excerpt":{"rendered":"<p>[vc_row][vc_column][vc_column_text css=&#8221;.vc_custom_1774698948498{padding-top: 40px !important;padding-bottom: 40px !important;}&#8221;] Derecho mercantil y societario Los abogados de Harnisch &amp; Partner est\u00e1n a su disposici\u00f3n para prestar asesoramiento sobre cualquier conflicto de car\u00e1cter econ\u00f3mico y\/o civil, elaborar contratos de agencia, de representaci\u00f3n y comisi\u00f3n mercantil entre otros tipos de contratos de cooperaci\u00f3n y comercializaci\u00f3nen el \u00e1mbito de ventas y distribuci\u00f3n. [&hellip;]<\/p>\n","protected":false},"author":1,"featured_media":0,"parent":0,"menu_order":0,"comment_status":"closed","ping_status":"closed","template":"","meta":{"_acf_changed":false,"footnotes":""},"class_list":["post-1082","page","type-page","status-publish","hentry"],"translation":{"provider":"WPGlobus","version":"3.0.2","language":"es","enabled_languages":["de","en","es"],"languages":{"de":{"title":true,"content":true,"excerpt":false},"en":{"title":true,"content":true,"excerpt":false},"es":{"title":true,"content":true,"excerpt":false}}},"acf":[],"yoast_head":"<!-- This site is optimized with the Yoast SEO plugin v27.5 - https:\/\/yoast.com\/product\/yoast-seo-wordpress\/ -->\n<title>Derecho mercantil y societario<\/title>\n<meta name=\"description\" content=\"Derecho mercantil y societario\" \/>\n<meta name=\"robots\" content=\"index, follow, max-snippet:-1, max-image-preview:large, max-video-preview:-1\" \/>\n<link rel=\"canonical\" href=\"https:\/\/harnisch-partner.de\/handels-und-gesellschaftsrecht\/\" \/>\n<meta property=\"og:locale\" content=\"es_ES\" \/>\n<meta property=\"og:type\" content=\"article\" \/>\n<meta property=\"og:title\" content=\"Derecho mercantil y societario\" \/>\n<meta property=\"og:description\" content=\"Derecho mercantil y societario\" \/>\n<meta property=\"og:url\" content=\"https:\/\/harnisch-partner.de\/handels-und-gesellschaftsrecht\/\" \/>\n<meta property=\"og:site_name\" content=\"Harnisch &amp; Partner\" \/>\n<meta property=\"article:modified_time\" content=\"2026-03-31T18:42:52+00:00\" \/>\n<meta name=\"twitter:card\" content=\"summary_large_image\" \/>\n<meta name=\"twitter:label1\" content=\"Est. reading time\" \/>\n\t<meta name=\"twitter:data1\" content=\"1 minute\" \/>\n<script type=\"application\/ld+json\" class=\"yoast-schema-graph\">{\"@context\":\"https:\\\/\\\/schema.org\",\"@graph\":[{\"@type\":\"WebPage\",\"@id\":\"https:\\\/\\\/harnisch-partner.de\\\/handels-und-gesellschaftsrecht\\\/\",\"url\":\"https:\\\/\\\/harnisch-partner.de\\\/handels-und-gesellschaftsrecht\\\/\",\"name\":\"Derecho mercantil y societario\",\"isPartOf\":{\"@id\":\"https:\\\/\\\/harnisch-partner.de\\\/#website\"},\"datePublished\":\"2026-03-28T11:55:06+00:00\",\"dateModified\":\"2026-03-31T18:42:52+00:00\",\"description\":\"Derecho mercantil y societario\",\"breadcrumb\":{\"@id\":\"https:\\\/\\\/harnisch-partner.de\\\/handels-und-gesellschaftsrecht\\\/#breadcrumb\"},\"inLanguage\":\"es-ES\",\"potentialAction\":[{\"@type\":\"ReadAction\",\"target\":[\"https:\\\/\\\/harnisch-partner.de\\\/handels-und-gesellschaftsrecht\\\/\"]}]},{\"@type\":\"BreadcrumbList\",\"@id\":\"https:\\\/\\\/harnisch-partner.de\\\/handels-und-gesellschaftsrecht\\\/#breadcrumb\",\"itemListElement\":[{\"@type\":\"ListItem\",\"position\":1,\"name\":\"Start\",\"item\":\"https:\\\/\\\/harnisch-partner.de\\\/\"},{\"@type\":\"ListItem\",\"position\":2,\"name\":\"Handels- und Gesellschaftsrecht\"}]},{\"@type\":\"WebSite\",\"@id\":\"https:\\\/\\\/harnisch-partner.de\\\/#website\",\"url\":\"https:\\\/\\\/harnisch-partner.de\\\/\",\"name\":\"Harnisch & Partner\",\"description\":\"Abogados\",\"publisher\":{\"@id\":\"https:\\\/\\\/harnisch-partner.de\\\/#organization\"},\"potentialAction\":[{\"@type\":\"SearchAction\",\"target\":{\"@type\":\"EntryPoint\",\"urlTemplate\":\"https:\\\/\\\/harnisch-partner.de\\\/?s={search_term_string}\"},\"query-input\":{\"@type\":\"PropertyValueSpecification\",\"valueRequired\":true,\"valueName\":\"search_term_string\"}}],\"inLanguage\":\"es-ES\"},{\"@type\":\"Organization\",\"@id\":\"https:\\\/\\\/harnisch-partner.de\\\/#organization\",\"name\":\"Harnisch & Partner Rechtsanw\u00e4lte\",\"url\":\"https:\\\/\\\/harnisch-partner.de\\\/\",\"logo\":{\"@type\":\"ImageObject\",\"inLanguage\":\"es-ES\",\"@id\":\"https:\\\/\\\/harnisch-partner.de\\\/#\\\/schema\\\/logo\\\/image\\\/\",\"url\":\"\",\"contentUrl\":\"\",\"caption\":\"Harnisch & Partner Rechtsanw\u00e4lte\"},\"image\":{\"@id\":\"https:\\\/\\\/harnisch-partner.de\\\/#\\\/schema\\\/logo\\\/image\\\/\"}}]}<\/script>\n<!-- \/ Yoast SEO plugin. -->","yoast_head_json":{"title":"Derecho mercantil y societario","description":"Derecho mercantil y societario","robots":{"index":"index","follow":"follow","max-snippet":"max-snippet:-1","max-image-preview":"max-image-preview:large","max-video-preview":"max-video-preview:-1"},"canonical":"https:\/\/harnisch-partner.de\/handels-und-gesellschaftsrecht\/","og_locale":"es_ES","og_type":"article","og_title":"Derecho mercantil y societario","og_description":"Derecho mercantil y societario","og_url":"https:\/\/harnisch-partner.de\/handels-und-gesellschaftsrecht\/","og_site_name":"Harnisch &amp; Partner","article_modified_time":"2026-03-31T18:42:52+00:00","twitter_card":"summary_large_image","twitter_misc":{"Est. reading time":"1 minute"},"schema":{"@context":"https:\/\/schema.org","@graph":[{"@type":"WebPage","@id":"https:\/\/harnisch-partner.de\/handels-und-gesellschaftsrecht\/","url":"https:\/\/harnisch-partner.de\/handels-und-gesellschaftsrecht\/","name":"Derecho mercantil y societario","isPartOf":{"@id":"https:\/\/harnisch-partner.de\/#website"},"datePublished":"2026-03-28T11:55:06+00:00","dateModified":"2026-03-31T18:42:52+00:00","description":"Derecho mercantil y societario","breadcrumb":{"@id":"https:\/\/harnisch-partner.de\/handels-und-gesellschaftsrecht\/#breadcrumb"},"inLanguage":"es-ES","potentialAction":[{"@type":"ReadAction","target":["https:\/\/harnisch-partner.de\/handels-und-gesellschaftsrecht\/"]}]},{"@type":"BreadcrumbList","@id":"https:\/\/harnisch-partner.de\/handels-und-gesellschaftsrecht\/#breadcrumb","itemListElement":[{"@type":"ListItem","position":1,"name":"Start","item":"https:\/\/harnisch-partner.de\/"},{"@type":"ListItem","position":2,"name":"Handels- und Gesellschaftsrecht"}]},{"@type":"WebSite","@id":"https:\/\/harnisch-partner.de\/#website","url":"https:\/\/harnisch-partner.de\/","name":"Harnisch & Partner","description":"Abogados","publisher":{"@id":"https:\/\/harnisch-partner.de\/#organization"},"potentialAction":[{"@type":"SearchAction","target":{"@type":"EntryPoint","urlTemplate":"https:\/\/harnisch-partner.de\/?s={search_term_string}"},"query-input":{"@type":"PropertyValueSpecification","valueRequired":true,"valueName":"search_term_string"}}],"inLanguage":"es-ES"},{"@type":"Organization","@id":"https:\/\/harnisch-partner.de\/#organization","name":"Harnisch & Partner Rechtsanw\u00e4lte","url":"https:\/\/harnisch-partner.de\/","logo":{"@type":"ImageObject","inLanguage":"es-ES","@id":"https:\/\/harnisch-partner.de\/#\/schema\/logo\/image\/","url":"","contentUrl":"","caption":"Harnisch & Partner Rechtsanw\u00e4lte"},"image":{"@id":"https:\/\/harnisch-partner.de\/#\/schema\/logo\/image\/"}}]}},"_links":{"self":[{"href":"https:\/\/harnisch-partner.de\/es\/wp-json\/wp\/v2\/pages\/1082","targetHints":{"allow":["GET"]}}],"collection":[{"href":"https:\/\/harnisch-partner.de\/es\/wp-json\/wp\/v2\/pages"}],"about":[{"href":"https:\/\/harnisch-partner.de\/es\/wp-json\/wp\/v2\/types\/page"}],"author":[{"embeddable":true,"href":"https:\/\/harnisch-partner.de\/es\/wp-json\/wp\/v2\/users\/1"}],"replies":[{"embeddable":true,"href":"https:\/\/harnisch-partner.de\/es\/wp-json\/wp\/v2\/comments?post=1082"}],"version-history":[{"count":15,"href":"https:\/\/harnisch-partner.de\/es\/wp-json\/wp\/v2\/pages\/1082\/revisions"}],"predecessor-version":[{"id":1332,"href":"https:\/\/harnisch-partner.de\/es\/wp-json\/wp\/v2\/pages\/1082\/revisions\/1332"}],"wp:attachment":[{"href":"https:\/\/harnisch-partner.de\/es\/wp-json\/wp\/v2\/media?parent=1082"}],"curies":[{"name":"wp","href":"https:\/\/api.w.org\/{rel}","templated":true}]}}