{"id":901,"date":"2026-03-23T08:32:34","date_gmt":"2026-03-23T08:32:34","guid":{"rendered":"https:\/\/harnischneu20261324.live-website.com\/?page_id=901"},"modified":"2026-04-11T08:14:43","modified_gmt":"2026-04-11T08:14:43","slug":"impressum","status":"publish","type":"page","link":"https:\/\/harnisch-partner.de\/en\/impressum\/","title":{"rendered":"Legal Notice"},"content":{"rendered":"<div class=\"wpb-content-wrapper\"><p>[vc_row css=&#8221;.vc_custom_1774345320590{padding-top: 40px !important;padding-bottom: 40px !important;}&#8221;][vc_column][vc_column_text]<\/p>\n<h1>Legal Notice<\/h1>\n<p>Responsible within the meaning of Section 5 of the German Telemedia Act (TMG):<br \/>\nAuthorised representatives:<br \/>\nJ\u00f6rg-Andr\u00e9 Harnisch, Solicitor; Fred Skroblin, Solicitor<\/p>\n<p>Harnisch &amp; Partner<br \/>\nSolicitors Partnership mbB<br \/>\nInvalidenstra\u00dfe 123, 10115 Berlin, Germany<br \/>\nT: +49 30 30 32 92 20<br \/>\ninfo@harnisch-partner.de<br \/>\nVAT identification number pursuant to Section 27a of the German VAT Act: DE275102608<\/p>\n<p>The Bar Association\u2019s Conciliation Board, Neue Gr\u00fcnstra\u00dfe 17, 10179 Berlin, www.s-d-r.org, is responsible for financial disputes arising from the client-solicitor relationship. We are neither willing nor obliged to participate in dispute resolution proceedings before a consumer arbitration board or the Arbitration Board of the Bar Association.<\/p>\n<h2>Information pursuant to Section 2 of the DL-InfoV<\/h2>\n<p>All our lawyers are admitted to practise in the Federal Republic of Germany and are members of the Berlin Bar Association, Littenstra\u00dfe 10, 10179 Berlin. Our Abogada is admitted to both the Berlin Bar Association and the Madrid Bar Association; our Attorney at Law in New York (USA) is admitted to the New York Bar Association.<\/p>\n<h2>Professional law\/regulatory authorities<\/h2>\n<p>The following fee and professional regulations apply:<\/p>\n<p>Lawyers:<\/p>\n<p>BRAO \u2013 Federal Lawyers\u2019 Act<br \/>\nBORA \u2013 Professional Code of Conduct for Lawyers<br \/>\nFAO \u2013 Specialist Lawyers\u2019 Regulations<br \/>\nRVG \u2013 Lawyers\u2019 Fees Act<br \/>\nCharter of Fundamental Principles of European Lawyers and Professional Rules of European Lawyers<br \/>\nEuRAG \u2013 Act on the Practice of European Lawyers in Germany<\/p>\n<p>BRAO \u2013 Federal Lawyers\u2019 Act<br \/>\nBORA \u2013 Professional Code of Conduct for Lawyers<br \/>\nFAO \u2013 Specialist Lawyers\u2019 Regulations<br \/>\nRVG \u2013 Lawyers\u2019 Fees Act<br \/>\nCharter of Fundamental Principles of European Lawyers and Professional Rules of European Lawyers<br \/>\nEuRAG \u2013 Act on the Practice of European Lawyers in Germany<\/p>\n<p>The rules governing the professional conduct of lawyers and notaries are available via the Berlin Bar Association and the Berlin Chamber of Notaries, including at <a href=\"https:\/\/www.brak.de\/anwaltschaft\/berufsrecht\" target=\"_blank\" rel=\"noopener\">www.brak.de\/anwaltschaft\/ professional-conduct<\/a> and <a href=\"https:\/\/www.notar.de\/der-notar\/berufsrecht\" target=\"_blank\" rel=\"noopener\">www.notar.de\/ der-notar\/berufsrecht<\/a> or at <a href=\"https:\/\/anwaltverein.de\/de\/anwaltspraxis\/berufsrecht\" target=\"_blank\" rel=\"noopener\">www.anwaltverein.de\/de\/anwaltspraxis\/berufsrecht<\/a>.<\/p>\n<p>The competent supervisory authority for lawyers is:<\/p>\n<p>Berlin Bar Association<br \/>\nLittenstra\u00dfe 9<br \/>\n10179 Berlin<\/p>\n<p>Telephone: 030 \/ 306931 -0<br \/>\nEmail: <a href=\"mailto:info@rak-berlin.org\">info@rak-berlin.org<\/a><br \/>\nWebsite: <a href=\"https:\/\/www.rak-berlin.de\/\" target=\"_blank\" rel=\"noopener\">www.rak-berlin.de<\/a><\/p>\n<h2>Legal form<\/h2>\n<p>Harnisch &amp; Partner Rechtsanw\u00e4lte Partnerschaft mbB is registered under PR 566 B in the Partnership Register of Charlottenburg Local Court.<\/p>\n<p>The partners bear no personal liability for the firm\u2019s liabilities.<br \/>\nAuthorised partners:<\/p>\n<p>J\u00f6rg-Andr\u00e9 Harnisch, Solicitor; Fred Skroblin, Solicitor<\/p>\n<p>The term \u2018partner\u2019 is used to refer to a member of Harnisch &amp; Partner Rechtsanw\u00e4lte Partnerschaft mbB.<\/p>\n<h2>Liability<\/h2>\n<p>The information on this page does not constitute legal advice from Harnisch &amp; Partner Rechtsanw\u00e4lte<br \/>\nPartnerschaft mbB. It is provided solely for the information of users. The information has been carefully checked. However, no guarantee is given as to the accuracy, completeness or up-to-date nature of the information contained on this page. The content of external websites that can be accessed via hyperlinks from this page or that link to this page constitutes third-party content over which the lawyers have no influence and for which no liability is accepted. Any reproduction or use of content on this page requires the prior written consent of the lawyers.<\/p>\n<h2>Professional Indemnity Insurance<\/h2>\n<p>Under the Federal Lawyers\u2019 Act (BRAO), lawyers are obliged to maintain professional indemnity insurance; notaries are also required to take out professional indemnity insurance. The minimum sum insured is \u20ac1 million.<\/p>\n<p>The professional indemnity insurance is held with Dialog Versicherung AG, Adenauerring 7, 81737 Munich. The geographical scope of the insurance cover encompasses activities in the member states of the European Union and meets at least the requirements of Section 51 of the Federal Lawyers\u2019 Act (BRAO).<\/p>\n<p>Responsible person pursuant to Section 55(2) of the Interstate Broadcasting Treaty (RStV) (V.i.S.d.P.)<br \/>\nSolicitor<br \/>\nJ\u00f6rg-Andr\u00e9 Harnisch, Invalidenstra\u00dfe 123, 10115 Berlin, Germany[\/vc_column_text][\/vc_column][\/vc_row]<\/p>\n<\/div>","protected":false},"excerpt":{"rendered":"<p>[vc_row css=&#8221;.vc_custom_1774345320590{padding-top: 40px !important;padding-bottom: 40px !important;}&#8221;][vc_column][vc_column_text] Legal Notice Responsible within the meaning of Section 5 of the German Telemedia Act (TMG): Authorised representatives: J\u00f6rg-Andr\u00e9 Harnisch, Solicitor; Fred Skroblin, Solicitor Harnisch &amp; Partner Solicitors Partnership mbB Invalidenstra\u00dfe 123, 10115 Berlin, Germany T: +49 30 30 32 92 20 info@harnisch-partner.de VAT identification number pursuant to Section 27a [&hellip;]<\/p>\n","protected":false},"author":2,"featured_media":0,"parent":0,"menu_order":0,"comment_status":"closed","ping_status":"closed","template":"","meta":{"_acf_changed":false,"footnotes":""},"class_list":["post-901","page","type-page","status-publish","hentry"],"translation":{"provider":"WPGlobus","version":"3.0.2","language":"en","enabled_languages":["de","en","es"],"languages":{"de":{"title":true,"content":true,"excerpt":false},"en":{"title":true,"content":true,"excerpt":false},"es":{"title":true,"content":true,"excerpt":false}}},"acf":[],"yoast_head":"<!-- This site is optimized with the Yoast SEO plugin v27.4 - https:\/\/yoast.com\/product\/yoast-seo-wordpress\/ -->\n<title>Impressum. Harnisch &amp; Partner. Rechtsanwaltskanzlei<\/title>\n<meta name=\"robots\" content=\"index, follow, max-snippet:-1, max-image-preview:large, max-video-preview:-1\" \/>\n<link rel=\"canonical\" href=\"https:\/\/harnisch-partner.de\/impressum\/\" \/>\n<meta property=\"og:locale\" content=\"en_US\" \/>\n<meta property=\"og:type\" content=\"article\" \/>\n<meta property=\"og:title\" content=\"Legal Notice - Harnisch &amp; Partner\" \/>\n<meta property=\"og:url\" content=\"https:\/\/harnisch-partner.de\/impressum\/\" \/>\n<meta property=\"og:site_name\" content=\"Harnisch &amp; Partner\" \/>\n<meta property=\"article:modified_time\" content=\"2026-04-11T08:14:43+00:00\" \/>\n<meta name=\"twitter:card\" content=\"summary_large_image\" \/>\n<meta name=\"twitter:label1\" content=\"Est. reading time\" \/>\n\t<meta name=\"twitter:data1\" content=\"2 minutes\" \/>\n<script type=\"application\/ld+json\" class=\"yoast-schema-graph\">{\"@context\":\"https:\\\/\\\/schema.org\",\"@graph\":[{\"@type\":\"WebPage\",\"@id\":\"https:\\\/\\\/harnisch-partner.de\\\/impressum\\\/\",\"url\":\"https:\\\/\\\/harnisch-partner.de\\\/impressum\\\/\",\"name\":\"Impressum. Harnisch & Partner. Rechtsanwaltskanzlei\",\"isPartOf\":{\"@id\":\"https:\\\/\\\/harnisch-partner.de\\\/#website\"},\"datePublished\":\"2026-03-23T08:32:34+00:00\",\"dateModified\":\"2026-04-11T08:14:43+00:00\",\"description\":\"Impressum. Harnisch & Partner. Wir sind eine international ausgerichtete Rechtsanwaltskanzlei mit Sitz in Berlin.\",\"breadcrumb\":{\"@id\":\"https:\\\/\\\/harnisch-partner.de\\\/impressum\\\/#breadcrumb\"},\"inLanguage\":\"en-US\",\"potentialAction\":[{\"@type\":\"ReadAction\",\"target\":[\"https:\\\/\\\/harnisch-partner.de\\\/impressum\\\/\"]}]},{\"@type\":\"BreadcrumbList\",\"@id\":\"https:\\\/\\\/harnisch-partner.de\\\/impressum\\\/#breadcrumb\",\"itemListElement\":[{\"@type\":\"ListItem\",\"position\":1,\"name\":\"Start\",\"item\":\"https:\\\/\\\/harnisch-partner.de\\\/\"},{\"@type\":\"ListItem\",\"position\":2,\"name\":\"Impressum\"}]},{\"@type\":\"WebSite\",\"@id\":\"https:\\\/\\\/harnisch-partner.de\\\/#website\",\"url\":\"https:\\\/\\\/harnisch-partner.de\\\/\",\"name\":\"Harnisch & Partner\",\"description\":\"Attorneys\",\"publisher\":{\"@id\":\"https:\\\/\\\/harnisch-partner.de\\\/#organization\"},\"potentialAction\":[{\"@type\":\"SearchAction\",\"target\":{\"@type\":\"EntryPoint\",\"urlTemplate\":\"https:\\\/\\\/harnisch-partner.de\\\/?s={search_term_string}\"},\"query-input\":{\"@type\":\"PropertyValueSpecification\",\"valueRequired\":true,\"valueName\":\"search_term_string\"}}],\"inLanguage\":\"en-US\"},{\"@type\":\"Organization\",\"@id\":\"https:\\\/\\\/harnisch-partner.de\\\/#organization\",\"name\":\"Harnisch & Partner Rechtsanw\u00e4lte\",\"url\":\"https:\\\/\\\/harnisch-partner.de\\\/\",\"logo\":{\"@type\":\"ImageObject\",\"inLanguage\":\"en-US\",\"@id\":\"https:\\\/\\\/harnisch-partner.de\\\/#\\\/schema\\\/logo\\\/image\\\/\",\"url\":\"\",\"contentUrl\":\"\",\"caption\":\"Harnisch & Partner Rechtsanw\u00e4lte\"},\"image\":{\"@id\":\"https:\\\/\\\/harnisch-partner.de\\\/#\\\/schema\\\/logo\\\/image\\\/\"}}]}<\/script>\n<!-- \/ Yoast SEO plugin. -->","yoast_head_json":{"title":"Impressum. Harnisch & Partner. Rechtsanwaltskanzlei","robots":{"index":"index","follow":"follow","max-snippet":"max-snippet:-1","max-image-preview":"max-image-preview:large","max-video-preview":"max-video-preview:-1"},"canonical":"https:\/\/harnisch-partner.de\/impressum\/","og_locale":"en_US","og_type":"article","og_title":"Legal Notice - Harnisch &amp; Partner","og_url":"https:\/\/harnisch-partner.de\/impressum\/","og_site_name":"Harnisch &amp; Partner","article_modified_time":"2026-04-11T08:14:43+00:00","twitter_card":"summary_large_image","twitter_misc":{"Est. reading time":"2 minutes"},"schema":{"@context":"https:\/\/schema.org","@graph":[{"@type":"WebPage","@id":"https:\/\/harnisch-partner.de\/impressum\/","url":"https:\/\/harnisch-partner.de\/impressum\/","name":"Impressum. Harnisch & Partner. Rechtsanwaltskanzlei","isPartOf":{"@id":"https:\/\/harnisch-partner.de\/#website"},"datePublished":"2026-03-23T08:32:34+00:00","dateModified":"2026-04-11T08:14:43+00:00","description":"Impressum. Harnisch & Partner. Wir sind eine international ausgerichtete Rechtsanwaltskanzlei mit Sitz in Berlin.","breadcrumb":{"@id":"https:\/\/harnisch-partner.de\/impressum\/#breadcrumb"},"inLanguage":"en-US","potentialAction":[{"@type":"ReadAction","target":["https:\/\/harnisch-partner.de\/impressum\/"]}]},{"@type":"BreadcrumbList","@id":"https:\/\/harnisch-partner.de\/impressum\/#breadcrumb","itemListElement":[{"@type":"ListItem","position":1,"name":"Start","item":"https:\/\/harnisch-partner.de\/"},{"@type":"ListItem","position":2,"name":"Impressum"}]},{"@type":"WebSite","@id":"https:\/\/harnisch-partner.de\/#website","url":"https:\/\/harnisch-partner.de\/","name":"Harnisch & Partner","description":"Attorneys","publisher":{"@id":"https:\/\/harnisch-partner.de\/#organization"},"potentialAction":[{"@type":"SearchAction","target":{"@type":"EntryPoint","urlTemplate":"https:\/\/harnisch-partner.de\/?s={search_term_string}"},"query-input":{"@type":"PropertyValueSpecification","valueRequired":true,"valueName":"search_term_string"}}],"inLanguage":"en-US"},{"@type":"Organization","@id":"https:\/\/harnisch-partner.de\/#organization","name":"Harnisch & Partner Rechtsanw\u00e4lte","url":"https:\/\/harnisch-partner.de\/","logo":{"@type":"ImageObject","inLanguage":"en-US","@id":"https:\/\/harnisch-partner.de\/#\/schema\/logo\/image\/","url":"","contentUrl":"","caption":"Harnisch & Partner Rechtsanw\u00e4lte"},"image":{"@id":"https:\/\/harnisch-partner.de\/#\/schema\/logo\/image\/"}}]}},"_links":{"self":[{"href":"https:\/\/harnisch-partner.de\/en\/wp-json\/wp\/v2\/pages\/901","targetHints":{"allow":["GET"]}}],"collection":[{"href":"https:\/\/harnisch-partner.de\/en\/wp-json\/wp\/v2\/pages"}],"about":[{"href":"https:\/\/harnisch-partner.de\/en\/wp-json\/wp\/v2\/types\/page"}],"author":[{"embeddable":true,"href":"https:\/\/harnisch-partner.de\/en\/wp-json\/wp\/v2\/users\/2"}],"replies":[{"embeddable":true,"href":"https:\/\/harnisch-partner.de\/en\/wp-json\/wp\/v2\/comments?post=901"}],"version-history":[{"count":12,"href":"https:\/\/harnisch-partner.de\/en\/wp-json\/wp\/v2\/pages\/901\/revisions"}],"predecessor-version":[{"id":1079,"href":"https:\/\/harnisch-partner.de\/en\/wp-json\/wp\/v2\/pages\/901\/revisions\/1079"}],"wp:attachment":[{"href":"https:\/\/harnisch-partner.de\/en\/wp-json\/wp\/v2\/media?parent=901"}],"curies":[{"name":"wp","href":"https:\/\/api.w.org\/{rel}","templated":true}]}}